{"id":186,"date":"2023-03-26T16:18:23","date_gmt":"2023-03-26T16:18:23","guid":{"rendered":"https:\/\/www.pirotecniadasbeiras.pt\/portal01\/?page_id=186"},"modified":"2023-05-31T14:00:18","modified_gmt":"2023-05-31T14:00:18","slug":"instalacoes","status":"publish","type":"page","link":"https:\/\/www.pirotecniadasbeiras.pt\/portal\/instalacoes\/","title":{"rendered":"Instala\u00e7\u00f5es"},"content":{"rendered":"\n    \n    <section class=\"u-clearfix u-section-2\" id=\"carousel_2d7d\">\n      <div class=\"u-clearfix u-sheet u-sheet-1\">\n        <div class=\"u-container-style u-expanded-width u-group u-opacity u-opacity-90 u-palette-3-light-3 u-radius-20 u-shape-round u-group-1\">\n          <div class=\"u-container-layout u-container-layout-1\">\n            <h3 class=\"u-text u-text-palette-3-base u-text-1\">INSTALA\u00c7\u00d5ES<\/h3>\n            <p class=\"u-text u-text-2\">A Pirotecnia das Beiras situa-se em Porto da Carne e abrange uma \u00e1rea total de 32,6 hectares, onde se re\u00fanem as \u00e1reas administrativa\/comercial, de armazenagem, de produ\u00e7\u00e3o e de ensaios.<br>\n              <br>As instala\u00e7\u00f5es da Pirotecnia das Beiras encontram-se projetadas no sentido de dar cumprimento aos exigentes e necess\u00e1rios requisitos previstos nos diplomas que regulamentam o setor.<br>\n              <br>Os espa\u00e7os de armazenagem contam com 17 depend\u00eancias onde s\u00e3o colocadas as mat\u00e9rias-primas, produtos semi-acabados e acabados.<br>\n              <br>\u00c0 produ\u00e7\u00e3o est\u00e3o afetas 16 depend\u00eancias com espa\u00e7os m\u00e9dios de 25m2. Estas depend\u00eancias est\u00e3o distribu\u00eddas de forma a garantir v\u00e1rias linhas de produ\u00e7\u00e3o, com vista \u00e0 otimiza\u00e7\u00e3o dos recursos.<br>\n              <br>As 33 depend\u00eancias existentes est\u00e3o devidamente identificadas, t\u00eam Instru\u00e7\u00f5es de Seguran\u00e7a e Instru\u00e7\u00f5es de Trabalho afixadas, distribuem-se de acordo com as dist\u00e2ncias de seguran\u00e7a previstas na legisla\u00e7\u00e3o e encontram-se implantadas num terreno desnivelado, protegidas por taludes de terra compactada e vigiadas por um sistema de videovigil\u00e2ncia em circuito fechado.<br>\n              <br>A zona de ensaios est\u00e1 localizada num espa\u00e7o aberto, distanciado das \u00e1reas anteriores, onde \u00e9 poss\u00edvel testar com seguran\u00e7a os produtos antes de entrarem em linha de produ\u00e7\u00e3o bem como os novos produtos.\n            <\/p>\n            <img decoding=\"async\" class=\"u-image u-image-default u-image-1\" src=\"https:\/\/www.pirotecniadasbeiras.pt\/portal\/wp-content\/uploads\/2023\/03\/PIC00002-1.jpg\" alt=\"\" data-image-width=\"400\" data-image-height=\"300\">\n            <img decoding=\"async\" class=\"u-image u-image-default u-image-2\" src=\"https:\/\/www.pirotecniadasbeiras.pt\/portal\/wp-content\/uploads\/2023\/03\/DSC02578-1.jpg\" alt=\"\" data-image-width=\"400\" data-image-height=\"300\">\n            <img decoding=\"async\" class=\"u-image u-image-default u-image-3\" src=\"https:\/\/www.pirotecniadasbeiras.pt\/portal\/wp-content\/uploads\/2023\/03\/p5180096-1.jpg\" alt=\"\" data-image-width=\"400\" data-image-height=\"300\">\n            <img decoding=\"async\" class=\"u-image u-image-default u-image-4\" src=\"https:\/\/www.pirotecniadasbeiras.pt\/portal\/wp-content\/uploads\/2023\/03\/DSC02574-1.jpg\" alt=\"\" data-image-width=\"400\" data-image-height=\"300\">\n          <\/div>\n        <\/div>\n      <\/div>\n    <\/section>\n    \n    \n  \n","protected":false},"excerpt":{"rendered":"<p>INSTALA\u00c7\u00d5ES A Pirotecnia das Beiras situa-se em Porto da Carne e abrange uma \u00e1rea total de 32,6 hectares, onde se re\u00fanem as \u00e1reas administrativa\/comercial, de armazenagem, de produ\u00e7\u00e3o e de ensaios. As instala\u00e7\u00f5es da Pirotecnia das Beiras encontram-se projetadas no sentido de dar cumprimento aos exigentes e necess\u00e1rios requisitos previstos nos diplomas que regulamentam o &hellip; <a href=\"https:\/\/www.pirotecniadasbeiras.pt\/portal\/instalacoes\/\" class=\"more-link\">Continue reading<span class=\"screen-reader-text\"> &#8220;Instala\u00e7\u00f5es&#8221;<\/span><\/a><\/p>\n","protected":false},"author":2,"featured_media":0,"parent":0,"menu_order":0,"comment_status":"closed","ping_status":"closed","template":"","meta":{"footnotes":""},"class_list":["post-186","page","type-page","status-publish","hentry"],"yoast_head":"<!-- This site is optimized with the Yoast SEO plugin v27.4 - https:\/\/yoast.com\/product\/yoast-seo-wordpress\/ -->\n<title>Instala\u00e7\u00f5es - Pirotecnia das Beiras<\/title>\n<meta name=\"robots\" content=\"index, follow, max-snippet:-1, max-image-preview:large, max-video-preview:-1\" \/>\n<link rel=\"canonical\" href=\"https:\/\/www.pirotecniadasbeiras.pt\/portal\/instalacoes\/\" \/>\n<meta property=\"og:locale\" content=\"pt_PT\" \/>\n<meta property=\"og:type\" content=\"article\" \/>\n<meta property=\"og:title\" content=\"Instala\u00e7\u00f5es - Pirotecnia das Beiras\" \/>\n<meta property=\"og:description\" content=\"INSTALA\u00c7\u00d5ES A Pirotecnia das Beiras situa-se em Porto da Carne e abrange uma \u00e1rea total de 32,6 hectares, onde se re\u00fanem as \u00e1reas administrativa\/comercial, de armazenagem, de produ\u00e7\u00e3o e de ensaios. As instala\u00e7\u00f5es da Pirotecnia das Beiras encontram-se projetadas no sentido de dar cumprimento aos exigentes e necess\u00e1rios requisitos previstos nos diplomas que regulamentam o &hellip; Continue reading &quot;Instala\u00e7\u00f5es&quot;\" \/>\n<meta property=\"og:url\" content=\"https:\/\/www.pirotecniadasbeiras.pt\/portal\/instalacoes\/\" \/>\n<meta property=\"og:site_name\" content=\"Pirotecnia das Beiras\" \/>\n<meta property=\"article:publisher\" content=\"https:\/\/www.facebook.com\/pirotecniadasbeiras.pt\" \/>\n<meta property=\"article:modified_time\" content=\"2023-05-31T14:00:18+00:00\" \/>\n<meta name=\"twitter:card\" content=\"summary_large_image\" \/>\n<meta name=\"twitter:label1\" content=\"Tempo estimado de leitura\" \/>\n\t<meta name=\"twitter:data1\" content=\"1 minuto\" \/>\n<script type=\"application\/ld+json\" class=\"yoast-schema-graph\">{\"@context\":\"https:\\\/\\\/schema.org\",\"@graph\":[{\"@type\":\"WebPage\",\"@id\":\"https:\\\/\\\/www.pirotecniadasbeiras.pt\\\/portal\\\/instalacoes\\\/\",\"url\":\"https:\\\/\\\/www.pirotecniadasbeiras.pt\\\/portal\\\/instalacoes\\\/\",\"name\":\"Instala\u00e7\u00f5es - Pirotecnia das Beiras\",\"isPartOf\":{\"@id\":\"https:\\\/\\\/www.pirotecniadasbeiras.pt\\\/portal\\\/#website\"},\"datePublished\":\"2023-03-26T16:18:23+00:00\",\"dateModified\":\"2023-05-31T14:00:18+00:00\",\"breadcrumb\":{\"@id\":\"https:\\\/\\\/www.pirotecniadasbeiras.pt\\\/portal\\\/instalacoes\\\/#breadcrumb\"},\"inLanguage\":\"pt-PT\",\"potentialAction\":[{\"@type\":\"ReadAction\",\"target\":[\"https:\\\/\\\/www.pirotecniadasbeiras.pt\\\/portal\\\/instalacoes\\\/\"]}]},{\"@type\":\"BreadcrumbList\",\"@id\":\"https:\\\/\\\/www.pirotecniadasbeiras.pt\\\/portal\\\/instalacoes\\\/#breadcrumb\",\"itemListElement\":[{\"@type\":\"ListItem\",\"position\":1,\"name\":\"In\u00edcio\",\"item\":\"https:\\\/\\\/www.pirotecniadasbeiras.pt\\\/portal\\\/\"},{\"@type\":\"ListItem\",\"position\":2,\"name\":\"Instala\u00e7\u00f5es\"}]},{\"@type\":\"WebSite\",\"@id\":\"https:\\\/\\\/www.pirotecniadasbeiras.pt\\\/portal\\\/#website\",\"url\":\"https:\\\/\\\/www.pirotecniadasbeiras.pt\\\/portal\\\/\",\"name\":\"Pirotecnia das Beiras\",\"description\":\"\",\"publisher\":{\"@id\":\"https:\\\/\\\/www.pirotecniadasbeiras.pt\\\/portal\\\/#organization\"},\"potentialAction\":[{\"@type\":\"SearchAction\",\"target\":{\"@type\":\"EntryPoint\",\"urlTemplate\":\"https:\\\/\\\/www.pirotecniadasbeiras.pt\\\/portal\\\/?s={search_term_string}\"},\"query-input\":{\"@type\":\"PropertyValueSpecification\",\"valueRequired\":true,\"valueName\":\"search_term_string\"}}],\"inLanguage\":\"pt-PT\"},{\"@type\":\"Organization\",\"@id\":\"https:\\\/\\\/www.pirotecniadasbeiras.pt\\\/portal\\\/#organization\",\"name\":\"Pirotecnia das Beiras\",\"url\":\"https:\\\/\\\/www.pirotecniadasbeiras.pt\\\/portal\\\/\",\"logo\":{\"@type\":\"ImageObject\",\"inLanguage\":\"pt-PT\",\"@id\":\"https:\\\/\\\/www.pirotecniadasbeiras.pt\\\/portal\\\/#\\\/schema\\\/logo\\\/image\\\/\",\"url\":\"https:\\\/\\\/www.pirotecniadasbeiras.pt\\\/portal\\\/wp-content\\\/uploads\\\/2023\\\/03\\\/logo_pirotecnia-1.png\",\"contentUrl\":\"https:\\\/\\\/www.pirotecniadasbeiras.pt\\\/portal\\\/wp-content\\\/uploads\\\/2023\\\/03\\\/logo_pirotecnia-1.png\",\"width\":284,\"height\":169,\"caption\":\"Pirotecnia das Beiras\"},\"image\":{\"@id\":\"https:\\\/\\\/www.pirotecniadasbeiras.pt\\\/portal\\\/#\\\/schema\\\/logo\\\/image\\\/\"},\"sameAs\":[\"https:\\\/\\\/www.facebook.com\\\/pirotecniadasbeiras.pt\"]}]}<\/script>\n<!-- \/ Yoast SEO plugin. -->","yoast_head_json":{"title":"Instala\u00e7\u00f5es - Pirotecnia das Beiras","robots":{"index":"index","follow":"follow","max-snippet":"max-snippet:-1","max-image-preview":"max-image-preview:large","max-video-preview":"max-video-preview:-1"},"canonical":"https:\/\/www.pirotecniadasbeiras.pt\/portal\/instalacoes\/","og_locale":"pt_PT","og_type":"article","og_title":"Instala\u00e7\u00f5es - Pirotecnia das Beiras","og_description":"INSTALA\u00c7\u00d5ES A Pirotecnia das Beiras situa-se em Porto da Carne e abrange uma \u00e1rea total de 32,6 hectares, onde se re\u00fanem as \u00e1reas administrativa\/comercial, de armazenagem, de produ\u00e7\u00e3o e de ensaios. As instala\u00e7\u00f5es da Pirotecnia das Beiras encontram-se projetadas no sentido de dar cumprimento aos exigentes e necess\u00e1rios requisitos previstos nos diplomas que regulamentam o &hellip; Continue reading \"Instala\u00e7\u00f5es\"","og_url":"https:\/\/www.pirotecniadasbeiras.pt\/portal\/instalacoes\/","og_site_name":"Pirotecnia das Beiras","article_publisher":"https:\/\/www.facebook.com\/pirotecniadasbeiras.pt","article_modified_time":"2023-05-31T14:00:18+00:00","twitter_card":"summary_large_image","twitter_misc":{"Tempo estimado de leitura":"1 minuto"},"schema":{"@context":"https:\/\/schema.org","@graph":[{"@type":"WebPage","@id":"https:\/\/www.pirotecniadasbeiras.pt\/portal\/instalacoes\/","url":"https:\/\/www.pirotecniadasbeiras.pt\/portal\/instalacoes\/","name":"Instala\u00e7\u00f5es - Pirotecnia das Beiras","isPartOf":{"@id":"https:\/\/www.pirotecniadasbeiras.pt\/portal\/#website"},"datePublished":"2023-03-26T16:18:23+00:00","dateModified":"2023-05-31T14:00:18+00:00","breadcrumb":{"@id":"https:\/\/www.pirotecniadasbeiras.pt\/portal\/instalacoes\/#breadcrumb"},"inLanguage":"pt-PT","potentialAction":[{"@type":"ReadAction","target":["https:\/\/www.pirotecniadasbeiras.pt\/portal\/instalacoes\/"]}]},{"@type":"BreadcrumbList","@id":"https:\/\/www.pirotecniadasbeiras.pt\/portal\/instalacoes\/#breadcrumb","itemListElement":[{"@type":"ListItem","position":1,"name":"In\u00edcio","item":"https:\/\/www.pirotecniadasbeiras.pt\/portal\/"},{"@type":"ListItem","position":2,"name":"Instala\u00e7\u00f5es"}]},{"@type":"WebSite","@id":"https:\/\/www.pirotecniadasbeiras.pt\/portal\/#website","url":"https:\/\/www.pirotecniadasbeiras.pt\/portal\/","name":"Pirotecnia das Beiras","description":"","publisher":{"@id":"https:\/\/www.pirotecniadasbeiras.pt\/portal\/#organization"},"potentialAction":[{"@type":"SearchAction","target":{"@type":"EntryPoint","urlTemplate":"https:\/\/www.pirotecniadasbeiras.pt\/portal\/?s={search_term_string}"},"query-input":{"@type":"PropertyValueSpecification","valueRequired":true,"valueName":"search_term_string"}}],"inLanguage":"pt-PT"},{"@type":"Organization","@id":"https:\/\/www.pirotecniadasbeiras.pt\/portal\/#organization","name":"Pirotecnia das Beiras","url":"https:\/\/www.pirotecniadasbeiras.pt\/portal\/","logo":{"@type":"ImageObject","inLanguage":"pt-PT","@id":"https:\/\/www.pirotecniadasbeiras.pt\/portal\/#\/schema\/logo\/image\/","url":"https:\/\/www.pirotecniadasbeiras.pt\/portal\/wp-content\/uploads\/2023\/03\/logo_pirotecnia-1.png","contentUrl":"https:\/\/www.pirotecniadasbeiras.pt\/portal\/wp-content\/uploads\/2023\/03\/logo_pirotecnia-1.png","width":284,"height":169,"caption":"Pirotecnia das Beiras"},"image":{"@id":"https:\/\/www.pirotecniadasbeiras.pt\/portal\/#\/schema\/logo\/image\/"},"sameAs":["https:\/\/www.facebook.com\/pirotecniadasbeiras.pt"]}]}},"_links":{"self":[{"href":"https:\/\/www.pirotecniadasbeiras.pt\/portal\/wp-json\/wp\/v2\/pages\/186","targetHints":{"allow":["GET"]}}],"collection":[{"href":"https:\/\/www.pirotecniadasbeiras.pt\/portal\/wp-json\/wp\/v2\/pages"}],"about":[{"href":"https:\/\/www.pirotecniadasbeiras.pt\/portal\/wp-json\/wp\/v2\/types\/page"}],"author":[{"embeddable":true,"href":"https:\/\/www.pirotecniadasbeiras.pt\/portal\/wp-json\/wp\/v2\/users\/2"}],"replies":[{"embeddable":true,"href":"https:\/\/www.pirotecniadasbeiras.pt\/portal\/wp-json\/wp\/v2\/comments?post=186"}],"version-history":[{"count":5,"href":"https:\/\/www.pirotecniadasbeiras.pt\/portal\/wp-json\/wp\/v2\/pages\/186\/revisions"}],"predecessor-version":[{"id":905,"href":"https:\/\/www.pirotecniadasbeiras.pt\/portal\/wp-json\/wp\/v2\/pages\/186\/revisions\/905"}],"wp:attachment":[{"href":"https:\/\/www.pirotecniadasbeiras.pt\/portal\/wp-json\/wp\/v2\/media?parent=186"}],"curies":[{"name":"wp","href":"https:\/\/api.w.org\/{rel}","templated":true}]}}