{"id":215,"date":"2023-03-26T16:21:31","date_gmt":"2023-03-26T16:21:31","guid":{"rendered":"https:\/\/www.pirotecniadasbeiras.pt\/portal01\/?page_id=215"},"modified":"2023-05-31T14:16:35","modified_gmt":"2023-05-31T14:16:35","slug":"politica-da-empresa","status":"publish","type":"page","link":"https:\/\/www.pirotecniadasbeiras.pt\/portal\/politica-da-empresa\/","title":{"rendered":"Pol\u00edtica da Empresa"},"content":{"rendered":"\n    \n    <section class=\"u-clearfix u-section-2\" id=\"carousel_2d7d\">\n      <div class=\"u-clearfix u-sheet u-sheet-1\">\n        <div class=\"u-container-style u-expanded-width u-group u-opacity u-opacity-90 u-palette-3-light-3 u-radius-20 u-shape-round u-group-1\">\n          <div class=\"u-container-layout u-container-layout-1\">\n            <h3 class=\"u-text u-text-palette-3-base u-text-1\">POL\u00cdTICA DA PIROTECNIA DAS BEIRAS<\/h3>\n            <p class=\"u-text u-text-2\"> A Pirotecnia das Beiras - Fogos de Artif\u00edcio, Lda., ciente da sua responsabilidade no cont\u00ednuo prop\u00f3sito de contribuir para o desenvolvimento do Pa\u00eds, bem como na garantia de um ambiente de trabalho seguro e agrad\u00e1vel na empresa e nos locais onde opera e no respeito pelo meio ambiente, compromete-se a aplicar pr\u00e1ticas de gest\u00e3o apoiadas nos seguintes princ\u00edpios face \u00e0 natureza e escala das suas atividades e servi\u00e7os:<br>\n            <\/p>\n            <ul class=\"u-text u-text-3\">\n              <li>Garantir as necessidades e as expectativas dos Clientes, aumentando continuamente a sua satisfa\u00e7\u00e3o em rela\u00e7\u00e3o aos produtos fabricados e comercializados e aos servi\u00e7os prestados pela Pirotecnia das Beiras;<\/li>\n              <li>Cumprir e fazer cumprir os requisitos legais aplic\u00e1veis e outros requisitos que subscreva relacionados com a gest\u00e3o da Qualidade, Ambiente, Seguran\u00e7a e Sa\u00fade e Preven\u00e7\u00e3o de Acidentes Graves na empresa;<\/li>\n              <li>Estabelecer objetivos e metas da Qualidade, Ambientais, de Seguran\u00e7a e Sa\u00fade no Trabalho e da Preven\u00e7\u00e3o de Acidentes Graves, devidamente enquadrados na estrat\u00e9gia da Pirotecnia das Beiras;<\/li>\n              <li>Melhorar continuamente o desempenho e efic\u00e1cia da Pirotecnia das Beiras, atrav\u00e9s da revis\u00e3o peri\u00f3dica dos objetivos e metas a alcan\u00e7ar;<\/li>\n              <li>Informar, sensibilizar e formar os colaboradores da empresa, e outras partes interessadas, relativamente aos aspetos relevantes da Qualidade, Ambiente, Seguran\u00e7a e Sa\u00fade e Preven\u00e7\u00e3o de Acidentes Graves, consciencializando-os das suas responsabilidades individual e coletiva;<\/li>\n              <li>Envolver os colaboradores e outras partes interessadas na participa\u00e7\u00e3o e consulta no \u00e2mbito da Qualidade, Ambiente, Seguran\u00e7a e Sa\u00fade e Preven\u00e7\u00e3o de Acidentes Graves;<\/li>\n              <li>Prevenir, controlar e monitorizar os riscos que advenham da sua atividade com vista \u00e0 preven\u00e7\u00e3o das les\u00f5es e afe\u00e7\u00f5es da sa\u00fade dos colaboradores e outras partes interessadas, bem como analisar todos os incidentes de forma a determinar as causas e propor medidas preventivas adequadas;<\/li>\n              <li>Minimizar os impactes ambientais decorrentes da atividade desenvolvida pela empresa, promovendo a preven\u00e7\u00e3o da polui\u00e7\u00e3o atrav\u00e9s da adequada gest\u00e3o dos recursos naturais e dos res\u00edduos produzidos;<\/li>\n              <li>Promover a preven\u00e7\u00e3o de acidentes graves envolvendo subst\u00e2ncias perigosas, bem como planear e operacionalizar uma adequada resposta a situa\u00e7\u00f5es de emerg\u00eancia de forma a minimizar as consequ\u00eancias para a sa\u00fade humana e para o ambiente;<\/li>\n              <li>Sensibilizar, encorajar e envolver colaboradores, revendedores, fornecedores e outras partes interessadas para a ado\u00e7\u00e3o das melhores pr\u00e1ticas e respeito pelos princ\u00edpios e compromissos da empresa no \u00e2mbito qualidade, da preserva\u00e7\u00e3o ambiental e da prote\u00e7\u00e3o da seguran\u00e7a e sa\u00fade de todos os envolvidos.<\/li>\n            <\/ul>\n          <\/div>\n        <\/div>\n      <\/div>\n    <\/section>\n    \n    \n  \n","protected":false},"excerpt":{"rendered":"<p>POL\u00cdTICA DA PIROTECNIA DAS BEIRAS A Pirotecnia das Beiras &#8211; Fogos de Artif\u00edcio, Lda., ciente da sua responsabilidade no cont\u00ednuo prop\u00f3sito de contribuir para o desenvolvimento do Pa\u00eds, bem como na garantia de um ambiente de trabalho seguro e agrad\u00e1vel na empresa e nos locais onde opera e no respeito pelo meio ambiente, compromete-se a &hellip; <a href=\"https:\/\/www.pirotecniadasbeiras.pt\/portal\/politica-da-empresa\/\" class=\"more-link\">Continue reading<span class=\"screen-reader-text\"> &#8220;Pol\u00edtica da Empresa&#8221;<\/span><\/a><\/p>\n","protected":false},"author":2,"featured_media":0,"parent":0,"menu_order":0,"comment_status":"closed","ping_status":"closed","template":"","meta":{"footnotes":""},"class_list":["post-215","page","type-page","status-publish","hentry"],"yoast_head":"<!-- This site is optimized with the Yoast SEO plugin v27.4 - https:\/\/yoast.com\/product\/yoast-seo-wordpress\/ -->\n<title>Pol\u00edtica da Empresa - Pirotecnia das Beiras<\/title>\n<meta name=\"robots\" content=\"index, follow, max-snippet:-1, max-image-preview:large, max-video-preview:-1\" \/>\n<link rel=\"canonical\" href=\"https:\/\/www.pirotecniadasbeiras.pt\/portal\/politica-da-empresa\/\" \/>\n<meta property=\"og:locale\" content=\"pt_PT\" \/>\n<meta property=\"og:type\" content=\"article\" \/>\n<meta property=\"og:title\" content=\"Pol\u00edtica da Empresa - Pirotecnia das Beiras\" \/>\n<meta property=\"og:description\" content=\"POL\u00cdTICA DA PIROTECNIA DAS BEIRAS A Pirotecnia das Beiras - Fogos de Artif\u00edcio, Lda., ciente da sua responsabilidade no cont\u00ednuo prop\u00f3sito de contribuir para o desenvolvimento do Pa\u00eds, bem como na garantia de um ambiente de trabalho seguro e agrad\u00e1vel na empresa e nos locais onde opera e no respeito pelo meio ambiente, compromete-se a &hellip; Continue reading &quot;Pol\u00edtica da Empresa&quot;\" \/>\n<meta property=\"og:url\" content=\"https:\/\/www.pirotecniadasbeiras.pt\/portal\/politica-da-empresa\/\" \/>\n<meta property=\"og:site_name\" content=\"Pirotecnia das Beiras\" \/>\n<meta property=\"article:publisher\" content=\"https:\/\/www.facebook.com\/pirotecniadasbeiras.pt\" \/>\n<meta property=\"article:modified_time\" content=\"2023-05-31T14:16:35+00:00\" \/>\n<meta name=\"twitter:card\" content=\"summary_large_image\" \/>\n<meta name=\"twitter:label1\" content=\"Tempo estimado de leitura\" \/>\n\t<meta name=\"twitter:data1\" content=\"2 minutos\" \/>\n<script type=\"application\/ld+json\" class=\"yoast-schema-graph\">{\"@context\":\"https:\\\/\\\/schema.org\",\"@graph\":[{\"@type\":\"WebPage\",\"@id\":\"https:\\\/\\\/www.pirotecniadasbeiras.pt\\\/portal\\\/politica-da-empresa\\\/\",\"url\":\"https:\\\/\\\/www.pirotecniadasbeiras.pt\\\/portal\\\/politica-da-empresa\\\/\",\"name\":\"Pol\u00edtica da Empresa - Pirotecnia das Beiras\",\"isPartOf\":{\"@id\":\"https:\\\/\\\/www.pirotecniadasbeiras.pt\\\/portal\\\/#website\"},\"datePublished\":\"2023-03-26T16:21:31+00:00\",\"dateModified\":\"2023-05-31T14:16:35+00:00\",\"breadcrumb\":{\"@id\":\"https:\\\/\\\/www.pirotecniadasbeiras.pt\\\/portal\\\/politica-da-empresa\\\/#breadcrumb\"},\"inLanguage\":\"pt-PT\",\"potentialAction\":[{\"@type\":\"ReadAction\",\"target\":[\"https:\\\/\\\/www.pirotecniadasbeiras.pt\\\/portal\\\/politica-da-empresa\\\/\"]}]},{\"@type\":\"BreadcrumbList\",\"@id\":\"https:\\\/\\\/www.pirotecniadasbeiras.pt\\\/portal\\\/politica-da-empresa\\\/#breadcrumb\",\"itemListElement\":[{\"@type\":\"ListItem\",\"position\":1,\"name\":\"In\u00edcio\",\"item\":\"https:\\\/\\\/www.pirotecniadasbeiras.pt\\\/portal\\\/\"},{\"@type\":\"ListItem\",\"position\":2,\"name\":\"Pol\u00edtica da Empresa\"}]},{\"@type\":\"WebSite\",\"@id\":\"https:\\\/\\\/www.pirotecniadasbeiras.pt\\\/portal\\\/#website\",\"url\":\"https:\\\/\\\/www.pirotecniadasbeiras.pt\\\/portal\\\/\",\"name\":\"Pirotecnia das Beiras\",\"description\":\"\",\"publisher\":{\"@id\":\"https:\\\/\\\/www.pirotecniadasbeiras.pt\\\/portal\\\/#organization\"},\"potentialAction\":[{\"@type\":\"SearchAction\",\"target\":{\"@type\":\"EntryPoint\",\"urlTemplate\":\"https:\\\/\\\/www.pirotecniadasbeiras.pt\\\/portal\\\/?s={search_term_string}\"},\"query-input\":{\"@type\":\"PropertyValueSpecification\",\"valueRequired\":true,\"valueName\":\"search_term_string\"}}],\"inLanguage\":\"pt-PT\"},{\"@type\":\"Organization\",\"@id\":\"https:\\\/\\\/www.pirotecniadasbeiras.pt\\\/portal\\\/#organization\",\"name\":\"Pirotecnia das Beiras\",\"url\":\"https:\\\/\\\/www.pirotecniadasbeiras.pt\\\/portal\\\/\",\"logo\":{\"@type\":\"ImageObject\",\"inLanguage\":\"pt-PT\",\"@id\":\"https:\\\/\\\/www.pirotecniadasbeiras.pt\\\/portal\\\/#\\\/schema\\\/logo\\\/image\\\/\",\"url\":\"https:\\\/\\\/www.pirotecniadasbeiras.pt\\\/portal\\\/wp-content\\\/uploads\\\/2023\\\/03\\\/logo_pirotecnia-1.png\",\"contentUrl\":\"https:\\\/\\\/www.pirotecniadasbeiras.pt\\\/portal\\\/wp-content\\\/uploads\\\/2023\\\/03\\\/logo_pirotecnia-1.png\",\"width\":284,\"height\":169,\"caption\":\"Pirotecnia das Beiras\"},\"image\":{\"@id\":\"https:\\\/\\\/www.pirotecniadasbeiras.pt\\\/portal\\\/#\\\/schema\\\/logo\\\/image\\\/\"},\"sameAs\":[\"https:\\\/\\\/www.facebook.com\\\/pirotecniadasbeiras.pt\"]}]}<\/script>\n<!-- \/ Yoast SEO plugin. -->","yoast_head_json":{"title":"Pol\u00edtica da Empresa - Pirotecnia das Beiras","robots":{"index":"index","follow":"follow","max-snippet":"max-snippet:-1","max-image-preview":"max-image-preview:large","max-video-preview":"max-video-preview:-1"},"canonical":"https:\/\/www.pirotecniadasbeiras.pt\/portal\/politica-da-empresa\/","og_locale":"pt_PT","og_type":"article","og_title":"Pol\u00edtica da Empresa - Pirotecnia das Beiras","og_description":"POL\u00cdTICA DA PIROTECNIA DAS BEIRAS A Pirotecnia das Beiras - Fogos de Artif\u00edcio, Lda., ciente da sua responsabilidade no cont\u00ednuo prop\u00f3sito de contribuir para o desenvolvimento do Pa\u00eds, bem como na garantia de um ambiente de trabalho seguro e agrad\u00e1vel na empresa e nos locais onde opera e no respeito pelo meio ambiente, compromete-se a &hellip; Continue reading \"Pol\u00edtica da Empresa\"","og_url":"https:\/\/www.pirotecniadasbeiras.pt\/portal\/politica-da-empresa\/","og_site_name":"Pirotecnia das Beiras","article_publisher":"https:\/\/www.facebook.com\/pirotecniadasbeiras.pt","article_modified_time":"2023-05-31T14:16:35+00:00","twitter_card":"summary_large_image","twitter_misc":{"Tempo estimado de leitura":"2 minutos"},"schema":{"@context":"https:\/\/schema.org","@graph":[{"@type":"WebPage","@id":"https:\/\/www.pirotecniadasbeiras.pt\/portal\/politica-da-empresa\/","url":"https:\/\/www.pirotecniadasbeiras.pt\/portal\/politica-da-empresa\/","name":"Pol\u00edtica da Empresa - Pirotecnia das Beiras","isPartOf":{"@id":"https:\/\/www.pirotecniadasbeiras.pt\/portal\/#website"},"datePublished":"2023-03-26T16:21:31+00:00","dateModified":"2023-05-31T14:16:35+00:00","breadcrumb":{"@id":"https:\/\/www.pirotecniadasbeiras.pt\/portal\/politica-da-empresa\/#breadcrumb"},"inLanguage":"pt-PT","potentialAction":[{"@type":"ReadAction","target":["https:\/\/www.pirotecniadasbeiras.pt\/portal\/politica-da-empresa\/"]}]},{"@type":"BreadcrumbList","@id":"https:\/\/www.pirotecniadasbeiras.pt\/portal\/politica-da-empresa\/#breadcrumb","itemListElement":[{"@type":"ListItem","position":1,"name":"In\u00edcio","item":"https:\/\/www.pirotecniadasbeiras.pt\/portal\/"},{"@type":"ListItem","position":2,"name":"Pol\u00edtica da Empresa"}]},{"@type":"WebSite","@id":"https:\/\/www.pirotecniadasbeiras.pt\/portal\/#website","url":"https:\/\/www.pirotecniadasbeiras.pt\/portal\/","name":"Pirotecnia das Beiras","description":"","publisher":{"@id":"https:\/\/www.pirotecniadasbeiras.pt\/portal\/#organization"},"potentialAction":[{"@type":"SearchAction","target":{"@type":"EntryPoint","urlTemplate":"https:\/\/www.pirotecniadasbeiras.pt\/portal\/?s={search_term_string}"},"query-input":{"@type":"PropertyValueSpecification","valueRequired":true,"valueName":"search_term_string"}}],"inLanguage":"pt-PT"},{"@type":"Organization","@id":"https:\/\/www.pirotecniadasbeiras.pt\/portal\/#organization","name":"Pirotecnia das Beiras","url":"https:\/\/www.pirotecniadasbeiras.pt\/portal\/","logo":{"@type":"ImageObject","inLanguage":"pt-PT","@id":"https:\/\/www.pirotecniadasbeiras.pt\/portal\/#\/schema\/logo\/image\/","url":"https:\/\/www.pirotecniadasbeiras.pt\/portal\/wp-content\/uploads\/2023\/03\/logo_pirotecnia-1.png","contentUrl":"https:\/\/www.pirotecniadasbeiras.pt\/portal\/wp-content\/uploads\/2023\/03\/logo_pirotecnia-1.png","width":284,"height":169,"caption":"Pirotecnia das Beiras"},"image":{"@id":"https:\/\/www.pirotecniadasbeiras.pt\/portal\/#\/schema\/logo\/image\/"},"sameAs":["https:\/\/www.facebook.com\/pirotecniadasbeiras.pt"]}]}},"_links":{"self":[{"href":"https:\/\/www.pirotecniadasbeiras.pt\/portal\/wp-json\/wp\/v2\/pages\/215","targetHints":{"allow":["GET"]}}],"collection":[{"href":"https:\/\/www.pirotecniadasbeiras.pt\/portal\/wp-json\/wp\/v2\/pages"}],"about":[{"href":"https:\/\/www.pirotecniadasbeiras.pt\/portal\/wp-json\/wp\/v2\/types\/page"}],"author":[{"embeddable":true,"href":"https:\/\/www.pirotecniadasbeiras.pt\/portal\/wp-json\/wp\/v2\/users\/2"}],"replies":[{"embeddable":true,"href":"https:\/\/www.pirotecniadasbeiras.pt\/portal\/wp-json\/wp\/v2\/comments?post=215"}],"version-history":[{"count":5,"href":"https:\/\/www.pirotecniadasbeiras.pt\/portal\/wp-json\/wp\/v2\/pages\/215\/revisions"}],"predecessor-version":[{"id":908,"href":"https:\/\/www.pirotecniadasbeiras.pt\/portal\/wp-json\/wp\/v2\/pages\/215\/revisions\/908"}],"wp:attachment":[{"href":"https:\/\/www.pirotecniadasbeiras.pt\/portal\/wp-json\/wp\/v2\/media?parent=215"}],"curies":[{"name":"wp","href":"https:\/\/api.w.org\/{rel}","templated":true}]}}