{"id":277,"date":"2023-03-26T16:23:28","date_gmt":"2023-03-26T16:23:28","guid":{"rendered":"https:\/\/www.pirotecniadasbeiras.pt\/portal01\/?page_id=277"},"modified":"2023-05-31T14:11:16","modified_gmt":"2023-05-31T14:11:16","slug":"pela-sua-seguranca","status":"publish","type":"page","link":"https:\/\/www.pirotecniadasbeiras.pt\/portal\/pela-sua-seguranca\/","title":{"rendered":"Pela sua Seguran\u00e7a"},"content":{"rendered":"\n    \n    <section class=\"u-clearfix u-section-2\" id=\"carousel_2d7d\">\n      <div class=\"u-clearfix u-sheet u-sheet-1\">\n        <div class=\"u-container-style u-expanded-width u-group u-opacity u-opacity-90 u-palette-3-light-3 u-radius-20 u-shape-round u-group-1\">\n          <div class=\"u-container-layout u-container-layout-1\">\n            <h3 class=\"u-text u-text-palette-3-base u-text-1\">Pela sua seguran\u00e7a<\/h3>\n            <p class=\"u-align-left u-text u-text-2\"> - Fa\u00e7a a aquisi\u00e7\u00e3o de artigos pirot\u00e9cnicos apenas em estabelecimentos autorizados.<br>- Antes de manusear qualquer artigo pirot\u00e9cnico&nbsp;leia as instru\u00e7\u00f5es de seguran\u00e7a&nbsp;que se encontram na embalagem. Cumpra todas as indica\u00e7\u00f5es e em particular as dist\u00e2ncias m\u00ednimas de seguran\u00e7a recomendadas.<br>- N\u00e3o lance artigos pirot\u00e9cnicos que n\u00e3o ostentem a marca\u00e7\u00e3o CE. Os artigos de pirotecnia das categorias F1, F2 e F3 s\u00f3 podem ser utilizados e manipulados pelos consumidores, de acordo com o seu tipo e finalidade, em conformidade com as respetivas instru\u00e7\u00f5es de utiliza\u00e7\u00e3o constantes no seu r\u00f3tulo.<br>- Os artigos pirot\u00e9cnicos s\u00e3o para ser utilizados de forma respons\u00e1vel e cuidadosa. Em circunst\u00e2ncia alguma deve manusear os produtos sob a influ\u00eancia de \u00e1lcool, de estupefacientes, subst\u00e2ncias psicotr\u00f3picas ou produtos de efeito an\u00e1logo.<br>- Deve ter sempre em considera\u00e7\u00e3o que atos e atitudes irrespons\u00e1veis podem ter consequ\u00eancias f\u00edsicas e psicologicamente muito graves. Nunca dispare contra pessoas, animais, ve\u00edculos ou edif\u00edcios.<br>- Deve ter consci\u00eancia dos perigos associados ao manuseamento de artigos pirot\u00e9cnicos tais como inc\u00eandios, explos\u00f5es ou proje\u00e7\u00f5es.<br>- Ao acender o artigo pirot\u00e9cnico evite o contacto f\u00edsico com o mesmo e n\u00e3o exponha parte nenhuma do corpo na trajet\u00f3ria de sa\u00edda do artigo.<br>- Em caso de falha do artigo pirot\u00e9cnico n\u00e3o volte a acend\u00ea-lo. Espere 30 minutos e com precau\u00e7\u00e3o retire o artigo do local, guarde-o em local seguro e contacte o fornecedor.<br>-&nbsp;N\u00e3o guarde ou transporte artigos pirot\u00e9cnicos nos bolsos, especialmente os de pequena dimens\u00e3o.<br>- N\u00e3o acenda os artigos pirot\u00e9cnicos em zonas de risco de inc\u00eandio em especial perto de edif\u00edcios, bombas de gasolina e espa\u00e7os p\u00fablicos com grande aflu\u00eancia de pessoas. \u00c9 proibida a utiliza\u00e7\u00e3o de artigos de pirotecnia das categorias F2 e F3, salvo se autorizado pela autoridade policial do munic\u00edpio, a menos de 50 metros de edif\u00edcios hospitalares ou similares, locais de culto religioso e de estabelecimentos de ensino, durante o seu hor\u00e1rio de funcionamento.<br>- N\u00e3o fume ou fogueie pr\u00f3ximo dos artigos pirot\u00e9cnicos. N\u00e3o utilize os artigos pirot\u00e9cnicos nas proximidades de subst\u00e2ncias suscet\u00edveis de arder.<br>- Os produtos pirot\u00e9cnicos devem ser sempre utilizados em espa\u00e7os exteriores, amplos e arejados, excepto aqueles expressamente indicados para uso no interior.<br>- Mantenha os produtos afastados do alcance das crian\u00e7as e de qualquer pessoa que possa colocar em causa a seguran\u00e7a de pessoas e bens.<br>-&nbsp;Depois de acender o rastilho dos artigos pirot\u00e9cnicos afaste-se \u00e0 dist\u00e2ncia m\u00ednima de seguran\u00e7a recomendada pelo fabricante.<br>- \u00c9 proibido transportar, deter, usar, distribuir ou ser portador de artigos de pirotecnia em recintos religiosos ou outros ainda que afetos tempor\u00e1ria ou ocasionalmente ao culto religioso com exce\u00e7\u00e3o dos fogos de artif\u00edcio da categoria F1, em recintos desportivos ou na desloca\u00e7\u00e3o de ou para os mesmos aquando da realiza\u00e7\u00e3o do espet\u00e1culo desportivo, em zonas de exclus\u00e3o, em estabelecimentos ou locais onde decorram reuni\u00f5es, manifesta\u00e7\u00f5es, com\u00edcios ou desfiles c\u00edvicos ou pol\u00edticos, bem como em estabelecimentos ou locais de divers\u00e3o, feiras e mercados.<br>- Conserve os artigos em local fresco, ventilado e afastados de qualquer fonte de calor, chama ou chispas ou de outras fontes de igni\u00e7\u00e3o. N\u00e3o os exponha a temperaturas elevadas. N\u00e3o submeta os artigos a movimentos bruscos, choques ou fric\u00e7\u00f5es.<br>- No fim do lan\u00e7amento certifique-se que n\u00e3o existem res\u00edduos que possam causar perigo para pessoas e bens. Limpe o local e recolha todos os res\u00edduos pirot\u00e9cnicos, incluindo as embalagens. Sempre que poss\u00edvel entregue os res\u00edduos ao fornecedor.<br>- Em caso de queimadura, arrefecer imediatamente o local afetado com \u00e1gua abundante durante o maior tempo poss\u00edvel e pedir imediatamente ajuda m\u00e9dica.<br>\n            <\/p>\n          <\/div>\n        <\/div>\n      <\/div>\n    <\/section>\n    \n    \n  \n","protected":false},"excerpt":{"rendered":"<p>Pela sua seguran\u00e7a &#8211; Fa\u00e7a a aquisi\u00e7\u00e3o de artigos pirot\u00e9cnicos apenas em estabelecimentos autorizados.- Antes de manusear qualquer artigo pirot\u00e9cnico&nbsp;leia as instru\u00e7\u00f5es de seguran\u00e7a&nbsp;que se encontram na embalagem. Cumpra todas as indica\u00e7\u00f5es e em particular as dist\u00e2ncias m\u00ednimas de seguran\u00e7a recomendadas.- N\u00e3o lance artigos pirot\u00e9cnicos que n\u00e3o ostentem a marca\u00e7\u00e3o CE. Os artigos de pirotecnia &hellip; <a href=\"https:\/\/www.pirotecniadasbeiras.pt\/portal\/pela-sua-seguranca\/\" class=\"more-link\">Continue reading<span class=\"screen-reader-text\"> &#8220;Pela sua Seguran\u00e7a&#8221;<\/span><\/a><\/p>\n","protected":false},"author":2,"featured_media":0,"parent":0,"menu_order":0,"comment_status":"closed","ping_status":"closed","template":"","meta":{"footnotes":""},"class_list":["post-277","page","type-page","status-publish","hentry"],"yoast_head":"<!-- This site is optimized with the Yoast SEO plugin v27.4 - https:\/\/yoast.com\/product\/yoast-seo-wordpress\/ -->\n<title>Pela sua Seguran\u00e7a - Pirotecnia das Beiras<\/title>\n<meta name=\"robots\" content=\"index, follow, max-snippet:-1, max-image-preview:large, max-video-preview:-1\" \/>\n<link rel=\"canonical\" href=\"https:\/\/www.pirotecniadasbeiras.pt\/portal\/pela-sua-seguranca\/\" \/>\n<meta property=\"og:locale\" content=\"pt_PT\" \/>\n<meta property=\"og:type\" content=\"article\" \/>\n<meta property=\"og:title\" content=\"Pela sua Seguran\u00e7a - Pirotecnia das Beiras\" \/>\n<meta property=\"og:description\" content=\"Pela sua seguran\u00e7a - Fa\u00e7a a aquisi\u00e7\u00e3o de artigos pirot\u00e9cnicos apenas em estabelecimentos autorizados.- Antes de manusear qualquer artigo pirot\u00e9cnico&nbsp;leia as instru\u00e7\u00f5es de seguran\u00e7a&nbsp;que se encontram na embalagem. Cumpra todas as indica\u00e7\u00f5es e em particular as dist\u00e2ncias m\u00ednimas de seguran\u00e7a recomendadas.- N\u00e3o lance artigos pirot\u00e9cnicos que n\u00e3o ostentem a marca\u00e7\u00e3o CE. Os artigos de pirotecnia &hellip; Continue reading &quot;Pela sua Seguran\u00e7a&quot;\" \/>\n<meta property=\"og:url\" content=\"https:\/\/www.pirotecniadasbeiras.pt\/portal\/pela-sua-seguranca\/\" \/>\n<meta property=\"og:site_name\" content=\"Pirotecnia das Beiras\" \/>\n<meta property=\"article:publisher\" content=\"https:\/\/www.facebook.com\/pirotecniadasbeiras.pt\" \/>\n<meta property=\"article:modified_time\" content=\"2023-05-31T14:11:16+00:00\" \/>\n<meta name=\"twitter:card\" content=\"summary_large_image\" \/>\n<meta name=\"twitter:label1\" content=\"Tempo estimado de leitura\" \/>\n\t<meta name=\"twitter:data1\" content=\"3 minutos\" \/>\n<script type=\"application\/ld+json\" class=\"yoast-schema-graph\">{\"@context\":\"https:\\\/\\\/schema.org\",\"@graph\":[{\"@type\":\"WebPage\",\"@id\":\"https:\\\/\\\/www.pirotecniadasbeiras.pt\\\/portal\\\/pela-sua-seguranca\\\/\",\"url\":\"https:\\\/\\\/www.pirotecniadasbeiras.pt\\\/portal\\\/pela-sua-seguranca\\\/\",\"name\":\"Pela sua Seguran\u00e7a - Pirotecnia das Beiras\",\"isPartOf\":{\"@id\":\"https:\\\/\\\/www.pirotecniadasbeiras.pt\\\/portal\\\/#website\"},\"datePublished\":\"2023-03-26T16:23:28+00:00\",\"dateModified\":\"2023-05-31T14:11:16+00:00\",\"breadcrumb\":{\"@id\":\"https:\\\/\\\/www.pirotecniadasbeiras.pt\\\/portal\\\/pela-sua-seguranca\\\/#breadcrumb\"},\"inLanguage\":\"pt-PT\",\"potentialAction\":[{\"@type\":\"ReadAction\",\"target\":[\"https:\\\/\\\/www.pirotecniadasbeiras.pt\\\/portal\\\/pela-sua-seguranca\\\/\"]}]},{\"@type\":\"BreadcrumbList\",\"@id\":\"https:\\\/\\\/www.pirotecniadasbeiras.pt\\\/portal\\\/pela-sua-seguranca\\\/#breadcrumb\",\"itemListElement\":[{\"@type\":\"ListItem\",\"position\":1,\"name\":\"In\u00edcio\",\"item\":\"https:\\\/\\\/www.pirotecniadasbeiras.pt\\\/portal\\\/\"},{\"@type\":\"ListItem\",\"position\":2,\"name\":\"Pela sua Seguran\u00e7a\"}]},{\"@type\":\"WebSite\",\"@id\":\"https:\\\/\\\/www.pirotecniadasbeiras.pt\\\/portal\\\/#website\",\"url\":\"https:\\\/\\\/www.pirotecniadasbeiras.pt\\\/portal\\\/\",\"name\":\"Pirotecnia das Beiras\",\"description\":\"\",\"publisher\":{\"@id\":\"https:\\\/\\\/www.pirotecniadasbeiras.pt\\\/portal\\\/#organization\"},\"potentialAction\":[{\"@type\":\"SearchAction\",\"target\":{\"@type\":\"EntryPoint\",\"urlTemplate\":\"https:\\\/\\\/www.pirotecniadasbeiras.pt\\\/portal\\\/?s={search_term_string}\"},\"query-input\":{\"@type\":\"PropertyValueSpecification\",\"valueRequired\":true,\"valueName\":\"search_term_string\"}}],\"inLanguage\":\"pt-PT\"},{\"@type\":\"Organization\",\"@id\":\"https:\\\/\\\/www.pirotecniadasbeiras.pt\\\/portal\\\/#organization\",\"name\":\"Pirotecnia das Beiras\",\"url\":\"https:\\\/\\\/www.pirotecniadasbeiras.pt\\\/portal\\\/\",\"logo\":{\"@type\":\"ImageObject\",\"inLanguage\":\"pt-PT\",\"@id\":\"https:\\\/\\\/www.pirotecniadasbeiras.pt\\\/portal\\\/#\\\/schema\\\/logo\\\/image\\\/\",\"url\":\"https:\\\/\\\/www.pirotecniadasbeiras.pt\\\/portal\\\/wp-content\\\/uploads\\\/2023\\\/03\\\/logo_pirotecnia-1.png\",\"contentUrl\":\"https:\\\/\\\/www.pirotecniadasbeiras.pt\\\/portal\\\/wp-content\\\/uploads\\\/2023\\\/03\\\/logo_pirotecnia-1.png\",\"width\":284,\"height\":169,\"caption\":\"Pirotecnia das Beiras\"},\"image\":{\"@id\":\"https:\\\/\\\/www.pirotecniadasbeiras.pt\\\/portal\\\/#\\\/schema\\\/logo\\\/image\\\/\"},\"sameAs\":[\"https:\\\/\\\/www.facebook.com\\\/pirotecniadasbeiras.pt\"]}]}<\/script>\n<!-- \/ Yoast SEO plugin. -->","yoast_head_json":{"title":"Pela sua Seguran\u00e7a - Pirotecnia das Beiras","robots":{"index":"index","follow":"follow","max-snippet":"max-snippet:-1","max-image-preview":"max-image-preview:large","max-video-preview":"max-video-preview:-1"},"canonical":"https:\/\/www.pirotecniadasbeiras.pt\/portal\/pela-sua-seguranca\/","og_locale":"pt_PT","og_type":"article","og_title":"Pela sua Seguran\u00e7a - Pirotecnia das Beiras","og_description":"Pela sua seguran\u00e7a - Fa\u00e7a a aquisi\u00e7\u00e3o de artigos pirot\u00e9cnicos apenas em estabelecimentos autorizados.- Antes de manusear qualquer artigo pirot\u00e9cnico&nbsp;leia as instru\u00e7\u00f5es de seguran\u00e7a&nbsp;que se encontram na embalagem. Cumpra todas as indica\u00e7\u00f5es e em particular as dist\u00e2ncias m\u00ednimas de seguran\u00e7a recomendadas.- N\u00e3o lance artigos pirot\u00e9cnicos que n\u00e3o ostentem a marca\u00e7\u00e3o CE. Os artigos de pirotecnia &hellip; Continue reading \"Pela sua Seguran\u00e7a\"","og_url":"https:\/\/www.pirotecniadasbeiras.pt\/portal\/pela-sua-seguranca\/","og_site_name":"Pirotecnia das Beiras","article_publisher":"https:\/\/www.facebook.com\/pirotecniadasbeiras.pt","article_modified_time":"2023-05-31T14:11:16+00:00","twitter_card":"summary_large_image","twitter_misc":{"Tempo estimado de leitura":"3 minutos"},"schema":{"@context":"https:\/\/schema.org","@graph":[{"@type":"WebPage","@id":"https:\/\/www.pirotecniadasbeiras.pt\/portal\/pela-sua-seguranca\/","url":"https:\/\/www.pirotecniadasbeiras.pt\/portal\/pela-sua-seguranca\/","name":"Pela sua Seguran\u00e7a - Pirotecnia das Beiras","isPartOf":{"@id":"https:\/\/www.pirotecniadasbeiras.pt\/portal\/#website"},"datePublished":"2023-03-26T16:23:28+00:00","dateModified":"2023-05-31T14:11:16+00:00","breadcrumb":{"@id":"https:\/\/www.pirotecniadasbeiras.pt\/portal\/pela-sua-seguranca\/#breadcrumb"},"inLanguage":"pt-PT","potentialAction":[{"@type":"ReadAction","target":["https:\/\/www.pirotecniadasbeiras.pt\/portal\/pela-sua-seguranca\/"]}]},{"@type":"BreadcrumbList","@id":"https:\/\/www.pirotecniadasbeiras.pt\/portal\/pela-sua-seguranca\/#breadcrumb","itemListElement":[{"@type":"ListItem","position":1,"name":"In\u00edcio","item":"https:\/\/www.pirotecniadasbeiras.pt\/portal\/"},{"@type":"ListItem","position":2,"name":"Pela sua Seguran\u00e7a"}]},{"@type":"WebSite","@id":"https:\/\/www.pirotecniadasbeiras.pt\/portal\/#website","url":"https:\/\/www.pirotecniadasbeiras.pt\/portal\/","name":"Pirotecnia das Beiras","description":"","publisher":{"@id":"https:\/\/www.pirotecniadasbeiras.pt\/portal\/#organization"},"potentialAction":[{"@type":"SearchAction","target":{"@type":"EntryPoint","urlTemplate":"https:\/\/www.pirotecniadasbeiras.pt\/portal\/?s={search_term_string}"},"query-input":{"@type":"PropertyValueSpecification","valueRequired":true,"valueName":"search_term_string"}}],"inLanguage":"pt-PT"},{"@type":"Organization","@id":"https:\/\/www.pirotecniadasbeiras.pt\/portal\/#organization","name":"Pirotecnia das Beiras","url":"https:\/\/www.pirotecniadasbeiras.pt\/portal\/","logo":{"@type":"ImageObject","inLanguage":"pt-PT","@id":"https:\/\/www.pirotecniadasbeiras.pt\/portal\/#\/schema\/logo\/image\/","url":"https:\/\/www.pirotecniadasbeiras.pt\/portal\/wp-content\/uploads\/2023\/03\/logo_pirotecnia-1.png","contentUrl":"https:\/\/www.pirotecniadasbeiras.pt\/portal\/wp-content\/uploads\/2023\/03\/logo_pirotecnia-1.png","width":284,"height":169,"caption":"Pirotecnia das Beiras"},"image":{"@id":"https:\/\/www.pirotecniadasbeiras.pt\/portal\/#\/schema\/logo\/image\/"},"sameAs":["https:\/\/www.facebook.com\/pirotecniadasbeiras.pt"]}]}},"_links":{"self":[{"href":"https:\/\/www.pirotecniadasbeiras.pt\/portal\/wp-json\/wp\/v2\/pages\/277","targetHints":{"allow":["GET"]}}],"collection":[{"href":"https:\/\/www.pirotecniadasbeiras.pt\/portal\/wp-json\/wp\/v2\/pages"}],"about":[{"href":"https:\/\/www.pirotecniadasbeiras.pt\/portal\/wp-json\/wp\/v2\/types\/page"}],"author":[{"embeddable":true,"href":"https:\/\/www.pirotecniadasbeiras.pt\/portal\/wp-json\/wp\/v2\/users\/2"}],"replies":[{"embeddable":true,"href":"https:\/\/www.pirotecniadasbeiras.pt\/portal\/wp-json\/wp\/v2\/comments?post=277"}],"version-history":[{"count":5,"href":"https:\/\/www.pirotecniadasbeiras.pt\/portal\/wp-json\/wp\/v2\/pages\/277\/revisions"}],"predecessor-version":[{"id":909,"href":"https:\/\/www.pirotecniadasbeiras.pt\/portal\/wp-json\/wp\/v2\/pages\/277\/revisions\/909"}],"wp:attachment":[{"href":"https:\/\/www.pirotecniadasbeiras.pt\/portal\/wp-json\/wp\/v2\/media?parent=277"}],"curies":[{"name":"wp","href":"https:\/\/api.w.org\/{rel}","templated":true}]}}