{"id":29,"date":"2023-03-21T13:59:51","date_gmt":"2023-03-21T13:59:51","guid":{"rendered":"https:\/\/www.pirotecniadasbeiras.pt\/portal01\/index.php\/empresa\/"},"modified":"2023-05-31T13:50:04","modified_gmt":"2023-05-31T13:50:04","slug":"empresa","status":"publish","type":"page","link":"https:\/\/www.pirotecniadasbeiras.pt\/portal\/empresa\/","title":{"rendered":"Empresa"},"content":{"rendered":"\n    \n    <section class=\"u-clearfix u-section-2\" id=\"sec-08c2\">\n      <div class=\"u-clearfix u-sheet u-sheet-1\">\n        <div class=\"fr-view u-align-center u-clearfix u-rich-text u-text u-text-1\">\n          <h1 style=\"text-align: left;\">\n            <span style=\"font-size: 2.25rem;\">POL\u00cdTICA DA PIROTECNIA DAS BEIRAS<\/span>\n          <\/h1>\n          <p id=\"isPasted\" style=\"text-align: justify;\">A Pirotecnia das Beiras - Fogos de Artif\u00edcio, Lda., ciente da sua responsabilidade no cont\u00ednuo prop\u00f3sito de contribuir para o desenvolvimento do Pa\u00eds, bem como na garantia de um ambiente de trabalho seguro e agrad\u00e1vel na empresa e nos locais onde opera e no respeito pelo meio ambiente, compromete-se a aplicar pr\u00e1ticas de gest\u00e3o apoiadas nos seguintes princ\u00edpios face \u00e0 natureza e escala das suas atividades e servi\u00e7os:<\/p>\n          <ul>\n            <li style=\"text-align: justify;\">Garantir as necessidades e as expectativas dos Clientes, aumentando continuamente a sua satisfa\u00e7\u00e3o em rela\u00e7\u00e3o aos produtos fabricados e comercializados e aos servi\u00e7os prestados pela Pirotecnia das Beiras;<\/li>\n            <li style=\"text-align: justify;\">Cumprir e fazer cumprir os requisitos legais aplic\u00e1veis e outros requisitos que subscreva relacionados com a gest\u00e3o da Qualidade, Ambiente, Seguran\u00e7a e Sa\u00fade e Preven\u00e7\u00e3o de Acidentes Graves na empresa;<\/li>\n            <li style=\"text-align: justify;\">Estabelecer objetivos e metas da Qualidade, Ambientais, de Seguran\u00e7a e Sa\u00fade no Trabalho e da Preven\u00e7\u00e3o de Acidentes Graves, devidamente enquadrados na estrat\u00e9gia da Pirotecnia das Beiras;<\/li>\n            <li style=\"text-align: justify;\">Melhorar continuamente o desempenho e efic\u00e1cia da Pirotecnia das Beiras, atrav\u00e9s da revis\u00e3o peri\u00f3dica dos objetivos e metas a alcan\u00e7ar;<\/li>\n            <li style=\"text-align: justify;\">Informar, sensibilizar e formar os colaboradores da empresa, e outras partes interessadas, relativamente aos aspetos relevantes da Qualidade, Ambiente, Seguran\u00e7a e Sa\u00fade e Preven\u00e7\u00e3o de Acidentes Graves, consciencializando-os das suas responsabilidades individual e coletiva;<\/li>\n            <li style=\"text-align: justify;\">Envolver os colaboradores e outras partes interessadas na participa\u00e7\u00e3o e consulta no \u00e2mbito da Qualidade, Ambiente, Seguran\u00e7a e Sa\u00fade e Preven\u00e7\u00e3o de Acidentes Graves;<\/li>\n            <li style=\"text-align: justify;\">Prevenir, controlar e monitorizar os riscos que advenham da sua atividade com vista \u00e0 preven\u00e7\u00e3o das les\u00f5es e afe\u00e7\u00f5es da sa\u00fade dos colaboradores e outras partes interessadas, bem como analisar todos os incidentes de forma a determinar as causas e propor medidas preventivas adequadas;<\/li>\n            <li style=\"text-align: justify;\">Minimizar os impactes ambientais decorrentes da atividade desenvolvida pela empresa, promovendo a preven\u00e7\u00e3o da polui\u00e7\u00e3o atrav\u00e9s da adequada gest\u00e3o dos recursos naturais e dos res\u00edduos produzidos;<\/li>\n            <li style=\"text-align: justify;\">Promover a preven\u00e7\u00e3o de acidentes graves envolvendo subst\u00e2ncias perigosas, bem como planear e operacionalizar uma adequada resposta a situa\u00e7\u00f5es de emerg\u00eancia de forma a minimizar as consequ\u00eancias para a sa\u00fade humana e para o ambiente;<\/li>\n            <li style=\"text-align: justify;\">Sensibilizar, encorajar e envolver colaboradores, revendedores, fornecedores e outras partes interessadas para a ado\u00e7\u00e3o das melhores pr\u00e1ticas e respeito pelos princ\u00edpios e compromissos da empresa no \u00e2mbito qualidade, da preserva\u00e7\u00e3o ambiental e da prote\u00e7\u00e3o da seguran\u00e7a e sa\u00fade de todos os envolvidos.<span style=\"line-height: 2.0;\">&nbsp;<\/span>\n            <\/li>\n          <\/ul>\n        <\/div>\n        <div class=\"u-align-center u-border-3 u-border-palette-1-base u-line u-line-horizontal u-line-1\"><\/div>\n      <\/div>\n    <\/section>\n    <section class=\"u-clearfix u-section-3\" id=\"carousel_a34b\">\n      <div class=\"u-clearfix u-sheet u-sheet-1\">\n        <div class=\"fr-view u-align-center u-clearfix u-rich-text u-text u-text-1\">\n          <h1 style=\"text-align: left;\">\n            <span style=\"font-size: 2.25rem;\">INSTALA\u00c7\u00d5ES<\/span>\n          <\/h1>\n          <p id=\"isPasted\" style=\"text-align: left;\">A Pirotecnia das Beiras situa-se em Porto da Carne e abrange uma \u00e1rea total de 32,6 hectares, onde se re\u00fanem as \u00e1reas administrativa\/comercial, de armazenagem, de produ\u00e7\u00e3o e de ensaios.<\/p>\n          <p style=\"text-align: left;\">As instala\u00e7\u00f5es da Pirotecnia das Beiras encontram-se projetadas no sentido de dar cumprimento aos exigentes e necess\u00e1rios requisitos previstos nos diplomas que regulamentam o setor.<\/p>\n          <p style=\"text-align: left;\">Os espa\u00e7os de armazenagem contam com 17 depend\u00eancias onde s\u00e3o colocadas as mat\u00e9rias-primas, produtos semi-acabados e acabados.<\/p>\n          <p style=\"text-align: left;\">\u00c0 produ\u00e7\u00e3o est\u00e3o afetas 16 depend\u00eancias com espa\u00e7os m\u00e9dios de 25m2. Estas depend\u00eancias est\u00e3o distribu\u00eddas de forma a garantir v\u00e1rias linhas de produ\u00e7\u00e3o, com vista \u00e0 otimiza\u00e7\u00e3o dos recursos.<\/p>\n          <p style=\"text-align: left;\">As 33 depend\u00eancias existentes est\u00e3o devidamente identificadas, t\u00eam Instru\u00e7\u00f5es de Seguran\u00e7a e Instru\u00e7\u00f5es de Trabalho afixadas, distribuem-se de acordo com as dist\u00e2ncias de seguran\u00e7a previstas na legisla\u00e7\u00e3o e encontram-se implantadas num terreno desnivelado, protegidas por taludes de terra compactada e vigiadas por um sistema de videovigil\u00e2ncia em circuito fechado.<\/p>\n          <p style=\"text-align: left;\">A zona de ensaios est\u00e1 localizada num espa\u00e7o aberto, distanciado das \u00e1reas anteriores, onde \u00e9 poss\u00edvel testar com seguran\u00e7a os produtos antes de entrarem em linha de produ\u00e7\u00e3o bem como os novos produtos.<\/p>\n        <\/div>\n        <div class=\"u-expanded-width u-gallery u-layout-grid u-lightbox u-show-text-on-hover u-gallery-1\">\n          <div class=\"u-gallery-inner u-gallery-inner-1\">\n            <div class=\"u-effect-fade u-gallery-item\">\n              <div class=\"u-back-slide\" data-image-width=\"400\" data-image-height=\"300\">\n                <img decoding=\"async\" class=\"u-back-image u-expanded\" src=\"https:\/\/www.pirotecniadasbeiras.pt\/portal\/wp-content\/uploads\/2023\/03\/DSC02574.jpg\">\n              <\/div>\n              <div class=\"u-over-slide u-shading u-over-slide-1\">\n                <h3 class=\"u-gallery-heading\"><\/h3>\n                <p class=\"u-gallery-text\"><\/p>\n              <\/div>\n            <\/div>\n            <div class=\"u-effect-fade u-gallery-item\">\n              <div class=\"u-back-slide\" data-image-width=\"400\" data-image-height=\"300\">\n                <img decoding=\"async\" class=\"u-back-image u-expanded\" src=\"https:\/\/www.pirotecniadasbeiras.pt\/portal\/wp-content\/uploads\/2023\/03\/DSC02578.jpg\">\n              <\/div>\n              <div class=\"u-over-slide u-shading u-over-slide-2\">\n                <h3 class=\"u-gallery-heading\"><\/h3>\n                <p class=\"u-gallery-text\"><\/p>\n              <\/div>\n            <\/div>\n            <div class=\"u-effect-fade u-gallery-item\">\n              <div class=\"u-back-slide\" data-image-width=\"400\" data-image-height=\"300\">\n                <img decoding=\"async\" class=\"u-back-image u-expanded\" src=\"https:\/\/www.pirotecniadasbeiras.pt\/portal\/wp-content\/uploads\/2023\/03\/PIC00002.jpg\">\n              <\/div>\n              <div class=\"u-over-slide u-shading u-over-slide-3\">\n                <h3 class=\"u-gallery-heading\"><\/h3>\n                <p class=\"u-gallery-text\"><\/p>\n              <\/div>\n            <\/div>\n            <div class=\"u-effect-fade u-gallery-item\">\n              <div class=\"u-back-slide\" data-image-width=\"400\" data-image-height=\"300\">\n                <img decoding=\"async\" class=\"u-back-image u-expanded\" src=\"https:\/\/www.pirotecniadasbeiras.pt\/portal\/wp-content\/uploads\/2023\/03\/p5180096.jpg\">\n              <\/div>\n              <div class=\"u-over-slide u-shading u-over-slide-4\">\n                <h3 class=\"u-gallery-heading\"><\/h3>\n                <p class=\"u-gallery-text\"><\/p>\n              <\/div>\n            <\/div>\n          <\/div>\n        <\/div>\n      <\/div>\n    <\/section>\n    \n    \n  \n","protected":false},"excerpt":{"rendered":"<p>POL\u00cdTICA DA PIROTECNIA DAS BEIRAS A Pirotecnia das Beiras &#8211; Fogos de Artif\u00edcio, Lda., ciente da sua responsabilidade no cont\u00ednuo prop\u00f3sito de contribuir para o desenvolvimento do Pa\u00eds, bem como na garantia de um ambiente de trabalho seguro e agrad\u00e1vel na empresa e nos locais onde opera e no respeito pelo meio ambiente, compromete-se a &hellip; <a href=\"https:\/\/www.pirotecniadasbeiras.pt\/portal\/empresa\/\" class=\"more-link\">Continue reading<span class=\"screen-reader-text\"> &#8220;Empresa&#8221;<\/span><\/a><\/p>\n","protected":false},"author":1,"featured_media":0,"parent":0,"menu_order":2,"comment_status":"closed","ping_status":"closed","template":"","meta":{"footnotes":""},"class_list":["post-29","page","type-page","status-publish","hentry"],"yoast_head":"<!-- This site is optimized with the Yoast SEO plugin v27.4 - https:\/\/yoast.com\/product\/yoast-seo-wordpress\/ -->\n<title>Empresa - Pirotecnia das Beiras<\/title>\n<meta name=\"robots\" content=\"index, follow, max-snippet:-1, max-image-preview:large, max-video-preview:-1\" \/>\n<link rel=\"canonical\" href=\"https:\/\/www.pirotecniadasbeiras.pt\/portal\/empresa\/\" \/>\n<meta property=\"og:locale\" content=\"pt_PT\" \/>\n<meta property=\"og:type\" content=\"article\" \/>\n<meta property=\"og:title\" content=\"Empresa - Pirotecnia das Beiras\" \/>\n<meta property=\"og:description\" content=\"POL\u00cdTICA DA PIROTECNIA DAS BEIRAS A Pirotecnia das Beiras - Fogos de Artif\u00edcio, Lda., ciente da sua responsabilidade no cont\u00ednuo prop\u00f3sito de contribuir para o desenvolvimento do Pa\u00eds, bem como na garantia de um ambiente de trabalho seguro e agrad\u00e1vel na empresa e nos locais onde opera e no respeito pelo meio ambiente, compromete-se a &hellip; Continue reading &quot;Empresa&quot;\" \/>\n<meta property=\"og:url\" content=\"https:\/\/www.pirotecniadasbeiras.pt\/portal\/empresa\/\" \/>\n<meta property=\"og:site_name\" content=\"Pirotecnia das Beiras\" \/>\n<meta property=\"article:publisher\" content=\"https:\/\/www.facebook.com\/pirotecniadasbeiras.pt\" \/>\n<meta property=\"article:modified_time\" content=\"2023-05-31T13:50:04+00:00\" \/>\n<meta name=\"twitter:card\" content=\"summary_large_image\" \/>\n<meta name=\"twitter:label1\" content=\"Tempo estimado de leitura\" \/>\n\t<meta name=\"twitter:data1\" content=\"3 minutos\" \/>\n<script type=\"application\/ld+json\" class=\"yoast-schema-graph\">{\"@context\":\"https:\\\/\\\/schema.org\",\"@graph\":[{\"@type\":\"WebPage\",\"@id\":\"https:\\\/\\\/www.pirotecniadasbeiras.pt\\\/portal\\\/empresa\\\/\",\"url\":\"https:\\\/\\\/www.pirotecniadasbeiras.pt\\\/portal\\\/empresa\\\/\",\"name\":\"Empresa - Pirotecnia das Beiras\",\"isPartOf\":{\"@id\":\"https:\\\/\\\/www.pirotecniadasbeiras.pt\\\/portal\\\/#website\"},\"datePublished\":\"2023-03-21T13:59:51+00:00\",\"dateModified\":\"2023-05-31T13:50:04+00:00\",\"breadcrumb\":{\"@id\":\"https:\\\/\\\/www.pirotecniadasbeiras.pt\\\/portal\\\/empresa\\\/#breadcrumb\"},\"inLanguage\":\"pt-PT\",\"potentialAction\":[{\"@type\":\"ReadAction\",\"target\":[\"https:\\\/\\\/www.pirotecniadasbeiras.pt\\\/portal\\\/empresa\\\/\"]}]},{\"@type\":\"BreadcrumbList\",\"@id\":\"https:\\\/\\\/www.pirotecniadasbeiras.pt\\\/portal\\\/empresa\\\/#breadcrumb\",\"itemListElement\":[{\"@type\":\"ListItem\",\"position\":1,\"name\":\"In\u00edcio\",\"item\":\"https:\\\/\\\/www.pirotecniadasbeiras.pt\\\/portal\\\/\"},{\"@type\":\"ListItem\",\"position\":2,\"name\":\"Empresa\"}]},{\"@type\":\"WebSite\",\"@id\":\"https:\\\/\\\/www.pirotecniadasbeiras.pt\\\/portal\\\/#website\",\"url\":\"https:\\\/\\\/www.pirotecniadasbeiras.pt\\\/portal\\\/\",\"name\":\"Pirotecnia das Beiras\",\"description\":\"\",\"publisher\":{\"@id\":\"https:\\\/\\\/www.pirotecniadasbeiras.pt\\\/portal\\\/#organization\"},\"potentialAction\":[{\"@type\":\"SearchAction\",\"target\":{\"@type\":\"EntryPoint\",\"urlTemplate\":\"https:\\\/\\\/www.pirotecniadasbeiras.pt\\\/portal\\\/?s={search_term_string}\"},\"query-input\":{\"@type\":\"PropertyValueSpecification\",\"valueRequired\":true,\"valueName\":\"search_term_string\"}}],\"inLanguage\":\"pt-PT\"},{\"@type\":\"Organization\",\"@id\":\"https:\\\/\\\/www.pirotecniadasbeiras.pt\\\/portal\\\/#organization\",\"name\":\"Pirotecnia das Beiras\",\"url\":\"https:\\\/\\\/www.pirotecniadasbeiras.pt\\\/portal\\\/\",\"logo\":{\"@type\":\"ImageObject\",\"inLanguage\":\"pt-PT\",\"@id\":\"https:\\\/\\\/www.pirotecniadasbeiras.pt\\\/portal\\\/#\\\/schema\\\/logo\\\/image\\\/\",\"url\":\"https:\\\/\\\/www.pirotecniadasbeiras.pt\\\/portal\\\/wp-content\\\/uploads\\\/2023\\\/03\\\/logo_pirotecnia-1.png\",\"contentUrl\":\"https:\\\/\\\/www.pirotecniadasbeiras.pt\\\/portal\\\/wp-content\\\/uploads\\\/2023\\\/03\\\/logo_pirotecnia-1.png\",\"width\":284,\"height\":169,\"caption\":\"Pirotecnia das Beiras\"},\"image\":{\"@id\":\"https:\\\/\\\/www.pirotecniadasbeiras.pt\\\/portal\\\/#\\\/schema\\\/logo\\\/image\\\/\"},\"sameAs\":[\"https:\\\/\\\/www.facebook.com\\\/pirotecniadasbeiras.pt\"]}]}<\/script>\n<!-- \/ Yoast SEO plugin. -->","yoast_head_json":{"title":"Empresa - Pirotecnia das Beiras","robots":{"index":"index","follow":"follow","max-snippet":"max-snippet:-1","max-image-preview":"max-image-preview:large","max-video-preview":"max-video-preview:-1"},"canonical":"https:\/\/www.pirotecniadasbeiras.pt\/portal\/empresa\/","og_locale":"pt_PT","og_type":"article","og_title":"Empresa - Pirotecnia das Beiras","og_description":"POL\u00cdTICA DA PIROTECNIA DAS BEIRAS A Pirotecnia das Beiras - Fogos de Artif\u00edcio, Lda., ciente da sua responsabilidade no cont\u00ednuo prop\u00f3sito de contribuir para o desenvolvimento do Pa\u00eds, bem como na garantia de um ambiente de trabalho seguro e agrad\u00e1vel na empresa e nos locais onde opera e no respeito pelo meio ambiente, compromete-se a &hellip; Continue reading \"Empresa\"","og_url":"https:\/\/www.pirotecniadasbeiras.pt\/portal\/empresa\/","og_site_name":"Pirotecnia das Beiras","article_publisher":"https:\/\/www.facebook.com\/pirotecniadasbeiras.pt","article_modified_time":"2023-05-31T13:50:04+00:00","twitter_card":"summary_large_image","twitter_misc":{"Tempo estimado de leitura":"3 minutos"},"schema":{"@context":"https:\/\/schema.org","@graph":[{"@type":"WebPage","@id":"https:\/\/www.pirotecniadasbeiras.pt\/portal\/empresa\/","url":"https:\/\/www.pirotecniadasbeiras.pt\/portal\/empresa\/","name":"Empresa - Pirotecnia das Beiras","isPartOf":{"@id":"https:\/\/www.pirotecniadasbeiras.pt\/portal\/#website"},"datePublished":"2023-03-21T13:59:51+00:00","dateModified":"2023-05-31T13:50:04+00:00","breadcrumb":{"@id":"https:\/\/www.pirotecniadasbeiras.pt\/portal\/empresa\/#breadcrumb"},"inLanguage":"pt-PT","potentialAction":[{"@type":"ReadAction","target":["https:\/\/www.pirotecniadasbeiras.pt\/portal\/empresa\/"]}]},{"@type":"BreadcrumbList","@id":"https:\/\/www.pirotecniadasbeiras.pt\/portal\/empresa\/#breadcrumb","itemListElement":[{"@type":"ListItem","position":1,"name":"In\u00edcio","item":"https:\/\/www.pirotecniadasbeiras.pt\/portal\/"},{"@type":"ListItem","position":2,"name":"Empresa"}]},{"@type":"WebSite","@id":"https:\/\/www.pirotecniadasbeiras.pt\/portal\/#website","url":"https:\/\/www.pirotecniadasbeiras.pt\/portal\/","name":"Pirotecnia das Beiras","description":"","publisher":{"@id":"https:\/\/www.pirotecniadasbeiras.pt\/portal\/#organization"},"potentialAction":[{"@type":"SearchAction","target":{"@type":"EntryPoint","urlTemplate":"https:\/\/www.pirotecniadasbeiras.pt\/portal\/?s={search_term_string}"},"query-input":{"@type":"PropertyValueSpecification","valueRequired":true,"valueName":"search_term_string"}}],"inLanguage":"pt-PT"},{"@type":"Organization","@id":"https:\/\/www.pirotecniadasbeiras.pt\/portal\/#organization","name":"Pirotecnia das Beiras","url":"https:\/\/www.pirotecniadasbeiras.pt\/portal\/","logo":{"@type":"ImageObject","inLanguage":"pt-PT","@id":"https:\/\/www.pirotecniadasbeiras.pt\/portal\/#\/schema\/logo\/image\/","url":"https:\/\/www.pirotecniadasbeiras.pt\/portal\/wp-content\/uploads\/2023\/03\/logo_pirotecnia-1.png","contentUrl":"https:\/\/www.pirotecniadasbeiras.pt\/portal\/wp-content\/uploads\/2023\/03\/logo_pirotecnia-1.png","width":284,"height":169,"caption":"Pirotecnia das Beiras"},"image":{"@id":"https:\/\/www.pirotecniadasbeiras.pt\/portal\/#\/schema\/logo\/image\/"},"sameAs":["https:\/\/www.facebook.com\/pirotecniadasbeiras.pt"]}]}},"_links":{"self":[{"href":"https:\/\/www.pirotecniadasbeiras.pt\/portal\/wp-json\/wp\/v2\/pages\/29","targetHints":{"allow":["GET"]}}],"collection":[{"href":"https:\/\/www.pirotecniadasbeiras.pt\/portal\/wp-json\/wp\/v2\/pages"}],"about":[{"href":"https:\/\/www.pirotecniadasbeiras.pt\/portal\/wp-json\/wp\/v2\/types\/page"}],"author":[{"embeddable":true,"href":"https:\/\/www.pirotecniadasbeiras.pt\/portal\/wp-json\/wp\/v2\/users\/1"}],"replies":[{"embeddable":true,"href":"https:\/\/www.pirotecniadasbeiras.pt\/portal\/wp-json\/wp\/v2\/comments?post=29"}],"version-history":[{"count":2,"href":"https:\/\/www.pirotecniadasbeiras.pt\/portal\/wp-json\/wp\/v2\/pages\/29\/revisions"}],"predecessor-version":[{"id":974,"href":"https:\/\/www.pirotecniadasbeiras.pt\/portal\/wp-json\/wp\/v2\/pages\/29\/revisions\/974"}],"wp:attachment":[{"href":"https:\/\/www.pirotecniadasbeiras.pt\/portal\/wp-json\/wp\/v2\/media?parent=29"}],"curies":[{"name":"wp","href":"https:\/\/api.w.org\/{rel}","templated":true}]}}