{"id":30,"date":"2023-03-21T13:59:52","date_gmt":"2023-03-21T13:59:52","guid":{"rendered":"https:\/\/www.pirotecniadasbeiras.pt\/portal01\/index.php\/contacto\/"},"modified":"2023-05-31T13:44:14","modified_gmt":"2023-05-31T13:44:14","slug":"contacto","status":"publish","type":"page","link":"https:\/\/www.pirotecniadasbeiras.pt\/portal\/contacto\/","title":{"rendered":"Contacto"},"content":{"rendered":"\n    \n    <section class=\"u-align-center u-clearfix u-section-2\" id=\"sec-8bf6\">\n      <div class=\"u-clearfix u-sheet u-sheet-1\">\n        <div class=\"u-clearfix u-expanded-width u-gutter-10 u-layout-wrap u-layout-wrap-1\">\n          <div class=\"u-gutter-0 u-layout\">\n            <div class=\"u-layout-row\">\n              <div class=\"u-size-30\">\n                <div class=\"u-layout-col\">\n                  <div class=\"u-align-left u-container-style u-layout-cell u-left-cell u-size-30 u-layout-cell-1\">\n                    <div class=\"u-container-layout u-container-layout-1\">\n                      <h2 class=\"u-text u-text-white u-text-1\">Contactos<\/h2>\n                      <p class=\"u-text u-text-2\"> &nbsp;Monte Me\u00e3o, 6300-170 Porto da Carne<\/p>\n                      <p class=\"u-text u-text-3\">\n                        <a href=\"tel:+351271926218\" class=\"u-active-none u-border-none u-btn u-button-link u-button-style u-hover-none u-none u-text-palette-3-base u-btn-1\"> &nbsp;+351 271 926 218<\/a>&nbsp;<span style=\"font-size: 0.75rem;\">(<b>\n                            <span style=\"font-weight: 400;\">Chamada para rede fixa nacional<\/span>\n                            <span style=\"font-weight: 400;\">)<\/span><\/b>\n                        <\/span>\n                      <\/p>\n                      <p class=\"u-text u-text-4\">\n                        <a href=\"mailto:geral@pirotecniadasbeiras.pt\" class=\"u-active-none u-border-none u-btn u-button-link u-button-style u-hover-none u-none u-text-palette-3-base u-btn-2\"> geral@pirotecniadasbeiras.pt<\/a>\n                      <\/p>\n                    <\/div>\n                  <\/div>\n                  <div class=\"u-align-left u-container-style u-layout-cell u-left-cell u-size-30 u-layout-cell-2\">\n                    <div class=\"u-container-layout u-valign-top u-container-layout-2\">\n                      <div class=\"u-form u-form-1\">\n                        <form action=\"https:\/\/www.pirotecniadasbeiras.pt\/portal\/wp-content\/plugins\/nicepage\/templates\/form.php?id=30&formId=c2b0-8bf6\" class=\"u-clearfix u-form-spacing-10 u-form-vertical u-inner-form\" style=\"padding: 10px\" source=\"customphp\" name=\"form-5\">\n                          <div class=\"u-form-group u-form-name u-label-top\">\n                            <label for=\"name-5359\" class=\"u-label\">Nome<\/label>\n                            <input type=\"text\" placeholder=\"Nome Completo\" id=\"name-5359\" name=\"nome\" class=\"u-input u-input-rectangle u-text-black u-input-1\" required=\"\">\n                          <\/div>\n                          <div class=\"u-form-email u-form-group u-label-top\">\n                            <label for=\"email-5359\" class=\"u-label\">Email<\/label>\n                            <input type=\"email\" placeholder=\"Email\" id=\"email-5359\" name=\"email\" class=\"u-input u-input-rectangle u-text-black u-input-2\" required=\"\">\n                          <\/div>\n                          <div class=\"u-form-group u-form-phone u-label-top u-form-group-3\">\n                            <label for=\"phone-da17\" class=\"u-label\">Telefone<\/label>\n                            <input type=\"tel\" pattern=\"\\+?\\d{0,3}[\\s\\(\\-]?([0-9]{2,3})[\\s\\)\\-]?([\\s\\-]?)([0-9]{3})[\\s\\-]?([0-9]{2})[\\s\\-]?([0-9]{2})\" placeholder=\"Insira seu telefone (ex: +351 555 5555 55)\" id=\"phone-da17\" name=\"telefone\" class=\"u-input u-input-rectangle u-text-black u-input-3\" required=\"\">\n                          <\/div>\n                          <div class=\"u-form-group u-form-message u-label-top\">\n                            <label for=\"message-5359\" class=\"u-label\">Mensagem<\/label>\n                            <textarea placeholder=\"Escreva aqui a sua mensagem\" rows=\"4\" cols=\"50\" id=\"message-5359\" name=\"message\" class=\"u-input u-input-rectangle u-text-black\" required=\"\"><\/textarea>\n                          <\/div>\n                          <div class=\"u-form-agree u-form-group u-label-top u-form-group-5\">\n                            <label class=\"u-block-dca8-67 u-field-label\" style=\"\"><\/label>\n                            <input type=\"checkbox\" id=\"agree-c4d4\" name=\"agree\" class=\"u-agree-checkbox u-field-input\" required=\"\">\n                            <label for=\"agree-c4d4\" class=\"u-agree-label u-field-label\">li e aceito a&nbsp;<a class=\"u-active-none u-border-none u-btn u-button-link u-button-style u-hover-none u-none u-text-palette-3-base u-btn-3\" href=\"https:\/\/www.pirotecniadasbeiras.pt\/portal\/wp-content\/uploads\/2023\/03\/Politica_RGPD_v1.pdf\">Pol\u00edtica de privacidade<\/a>\n                            <\/label>\n                          <\/div>\n                          <div class=\"u-form-group u-form-submit u-label-top\">\n                            <a href=\"#\" class=\"u-border-2 u-border-white u-btn u-btn-submit u-button-style\">enviar<\/a>\n                            <input type=\"submit\" value=\"submit\" class=\"u-form-control-hidden\">\n                          <\/div>\n                          <div class=\"u-form-send-message u-form-send-success\">Obrigado! Sua mensagem foi enviada.<\/div>\n                          <div class=\"u-form-send-error u-form-send-message\">N\u00e3o foi poss\u00edvel enviar sua mensagem. Corrija os erros e tente novamente.<\/div>\n                          <input type=\"hidden\" value=\"\" name=\"recaptchaResponse\">\n                        <\/form>\n                      <\/div>\n                    <\/div>\n                  <\/div>\n                <\/div>\n              <\/div>\n              <div class=\"u-size-30\">\n                <div class=\"u-layout-col\">\n                  <div class=\"u-align-left u-container-style u-layout-cell u-right-cell u-size-60 u-layout-cell-3\">\n                    <div class=\"u-container-layout u-container-layout-3\">\n                      <div class=\"u-expanded u-grey-light-2 u-map\">\n                        <div class=\"embed-responsive\">\n                          <iframe class=\"embed-responsive-item\" src=\"https:\/\/maps.google.com\/maps?output=embed&amp;q=40%C2%B036'06.1%22N%207%C2%B017'22.7%22W&amp;z=14&amp;t=m\" data-map=\"JTdCJTIycG9zaXRpb25UeXBlJTIyJTNBJTIybWFwLWFkZHJlc3MlMjIlMkMlMjJhZGRyZXNzJTIyJTNBJTIyNDAlQzIlQjAzNicwNi4xJTVDJTIyTiUyMDclQzIlQjAxNycyMi43JTVDJTIyVyUyMiUyQyUyMnpvb20lMjIlM0ExNCUyQyUyMnR5cGVJZCUyMiUzQSUyMnJvYWQlMjIlMkMlMjJsYW5nJTIyJTNBJTIyJTIyJTdE\"><\/iframe>\n                        <\/div>\n                      <\/div>\n                    <\/div>\n                  <\/div>\n                <\/div>\n              <\/div>\n            <\/div>\n          <\/div>\n        <\/div>\n      <\/div>\n    <\/section>\n    \n    \n  \n","protected":false},"excerpt":{"rendered":"<p>Contactos &nbsp;Monte Me\u00e3o, 6300-170 Porto da Carne &nbsp;+351 271 926 218&nbsp;( Chamada para rede fixa nacional ) geral@pirotecniadasbeiras.pt Nome Email Telefone Mensagem li e aceito a&nbsp;Pol\u00edtica de privacidade enviar Obrigado! Sua mensagem foi enviada. N\u00e3o foi poss\u00edvel enviar sua mensagem. Corrija os erros e tente novamente.<\/p>\n","protected":false},"author":1,"featured_media":0,"parent":0,"menu_order":3,"comment_status":"closed","ping_status":"closed","template":"","meta":{"footnotes":""},"class_list":["post-30","page","type-page","status-publish","hentry"],"yoast_head":"<!-- This site is optimized with the Yoast SEO plugin v27.4 - https:\/\/yoast.com\/product\/yoast-seo-wordpress\/ -->\n<title>Contacto - Pirotecnia das Beiras<\/title>\n<meta name=\"robots\" content=\"index, follow, max-snippet:-1, max-image-preview:large, max-video-preview:-1\" \/>\n<link rel=\"canonical\" href=\"https:\/\/www.pirotecniadasbeiras.pt\/portal\/contacto\/\" \/>\n<meta property=\"og:locale\" content=\"pt_PT\" \/>\n<meta property=\"og:type\" content=\"article\" \/>\n<meta property=\"og:title\" content=\"Contacto - Pirotecnia das Beiras\" \/>\n<meta property=\"og:description\" content=\"Contactos &nbsp;Monte Me\u00e3o, 6300-170 Porto da Carne &nbsp;+351 271 926 218&nbsp;( Chamada para rede fixa nacional ) geral@pirotecniadasbeiras.pt Nome Email Telefone Mensagem li e aceito a&nbsp;Pol\u00edtica de privacidade enviar Obrigado! Sua mensagem foi enviada. N\u00e3o foi poss\u00edvel enviar sua mensagem. Corrija os erros e tente novamente.\" \/>\n<meta property=\"og:url\" content=\"https:\/\/www.pirotecniadasbeiras.pt\/portal\/contacto\/\" \/>\n<meta property=\"og:site_name\" content=\"Pirotecnia das Beiras\" \/>\n<meta property=\"article:publisher\" content=\"https:\/\/www.facebook.com\/pirotecniadasbeiras.pt\" \/>\n<meta property=\"article:modified_time\" content=\"2023-05-31T13:44:14+00:00\" \/>\n<meta name=\"twitter:card\" content=\"summary_large_image\" \/>\n<script type=\"application\/ld+json\" class=\"yoast-schema-graph\">{\"@context\":\"https:\\\/\\\/schema.org\",\"@graph\":[{\"@type\":\"WebPage\",\"@id\":\"https:\\\/\\\/www.pirotecniadasbeiras.pt\\\/portal\\\/contacto\\\/\",\"url\":\"https:\\\/\\\/www.pirotecniadasbeiras.pt\\\/portal\\\/contacto\\\/\",\"name\":\"Contacto - Pirotecnia das Beiras\",\"isPartOf\":{\"@id\":\"https:\\\/\\\/www.pirotecniadasbeiras.pt\\\/portal\\\/#website\"},\"datePublished\":\"2023-03-21T13:59:52+00:00\",\"dateModified\":\"2023-05-31T13:44:14+00:00\",\"breadcrumb\":{\"@id\":\"https:\\\/\\\/www.pirotecniadasbeiras.pt\\\/portal\\\/contacto\\\/#breadcrumb\"},\"inLanguage\":\"pt-PT\",\"potentialAction\":[{\"@type\":\"ReadAction\",\"target\":[\"https:\\\/\\\/www.pirotecniadasbeiras.pt\\\/portal\\\/contacto\\\/\"]}]},{\"@type\":\"BreadcrumbList\",\"@id\":\"https:\\\/\\\/www.pirotecniadasbeiras.pt\\\/portal\\\/contacto\\\/#breadcrumb\",\"itemListElement\":[{\"@type\":\"ListItem\",\"position\":1,\"name\":\"In\u00edcio\",\"item\":\"https:\\\/\\\/www.pirotecniadasbeiras.pt\\\/portal\\\/\"},{\"@type\":\"ListItem\",\"position\":2,\"name\":\"Contacto\"}]},{\"@type\":\"WebSite\",\"@id\":\"https:\\\/\\\/www.pirotecniadasbeiras.pt\\\/portal\\\/#website\",\"url\":\"https:\\\/\\\/www.pirotecniadasbeiras.pt\\\/portal\\\/\",\"name\":\"Pirotecnia das Beiras\",\"description\":\"\",\"publisher\":{\"@id\":\"https:\\\/\\\/www.pirotecniadasbeiras.pt\\\/portal\\\/#organization\"},\"potentialAction\":[{\"@type\":\"SearchAction\",\"target\":{\"@type\":\"EntryPoint\",\"urlTemplate\":\"https:\\\/\\\/www.pirotecniadasbeiras.pt\\\/portal\\\/?s={search_term_string}\"},\"query-input\":{\"@type\":\"PropertyValueSpecification\",\"valueRequired\":true,\"valueName\":\"search_term_string\"}}],\"inLanguage\":\"pt-PT\"},{\"@type\":\"Organization\",\"@id\":\"https:\\\/\\\/www.pirotecniadasbeiras.pt\\\/portal\\\/#organization\",\"name\":\"Pirotecnia das Beiras\",\"url\":\"https:\\\/\\\/www.pirotecniadasbeiras.pt\\\/portal\\\/\",\"logo\":{\"@type\":\"ImageObject\",\"inLanguage\":\"pt-PT\",\"@id\":\"https:\\\/\\\/www.pirotecniadasbeiras.pt\\\/portal\\\/#\\\/schema\\\/logo\\\/image\\\/\",\"url\":\"https:\\\/\\\/www.pirotecniadasbeiras.pt\\\/portal\\\/wp-content\\\/uploads\\\/2023\\\/03\\\/logo_pirotecnia-1.png\",\"contentUrl\":\"https:\\\/\\\/www.pirotecniadasbeiras.pt\\\/portal\\\/wp-content\\\/uploads\\\/2023\\\/03\\\/logo_pirotecnia-1.png\",\"width\":284,\"height\":169,\"caption\":\"Pirotecnia das Beiras\"},\"image\":{\"@id\":\"https:\\\/\\\/www.pirotecniadasbeiras.pt\\\/portal\\\/#\\\/schema\\\/logo\\\/image\\\/\"},\"sameAs\":[\"https:\\\/\\\/www.facebook.com\\\/pirotecniadasbeiras.pt\"]}]}<\/script>\n<!-- \/ Yoast SEO plugin. -->","yoast_head_json":{"title":"Contacto - Pirotecnia das Beiras","robots":{"index":"index","follow":"follow","max-snippet":"max-snippet:-1","max-image-preview":"max-image-preview:large","max-video-preview":"max-video-preview:-1"},"canonical":"https:\/\/www.pirotecniadasbeiras.pt\/portal\/contacto\/","og_locale":"pt_PT","og_type":"article","og_title":"Contacto - Pirotecnia das Beiras","og_description":"Contactos &nbsp;Monte Me\u00e3o, 6300-170 Porto da Carne &nbsp;+351 271 926 218&nbsp;( Chamada para rede fixa nacional ) geral@pirotecniadasbeiras.pt Nome Email Telefone Mensagem li e aceito a&nbsp;Pol\u00edtica de privacidade enviar Obrigado! Sua mensagem foi enviada. N\u00e3o foi poss\u00edvel enviar sua mensagem. Corrija os erros e tente novamente.","og_url":"https:\/\/www.pirotecniadasbeiras.pt\/portal\/contacto\/","og_site_name":"Pirotecnia das Beiras","article_publisher":"https:\/\/www.facebook.com\/pirotecniadasbeiras.pt","article_modified_time":"2023-05-31T13:44:14+00:00","twitter_card":"summary_large_image","schema":{"@context":"https:\/\/schema.org","@graph":[{"@type":"WebPage","@id":"https:\/\/www.pirotecniadasbeiras.pt\/portal\/contacto\/","url":"https:\/\/www.pirotecniadasbeiras.pt\/portal\/contacto\/","name":"Contacto - Pirotecnia das Beiras","isPartOf":{"@id":"https:\/\/www.pirotecniadasbeiras.pt\/portal\/#website"},"datePublished":"2023-03-21T13:59:52+00:00","dateModified":"2023-05-31T13:44:14+00:00","breadcrumb":{"@id":"https:\/\/www.pirotecniadasbeiras.pt\/portal\/contacto\/#breadcrumb"},"inLanguage":"pt-PT","potentialAction":[{"@type":"ReadAction","target":["https:\/\/www.pirotecniadasbeiras.pt\/portal\/contacto\/"]}]},{"@type":"BreadcrumbList","@id":"https:\/\/www.pirotecniadasbeiras.pt\/portal\/contacto\/#breadcrumb","itemListElement":[{"@type":"ListItem","position":1,"name":"In\u00edcio","item":"https:\/\/www.pirotecniadasbeiras.pt\/portal\/"},{"@type":"ListItem","position":2,"name":"Contacto"}]},{"@type":"WebSite","@id":"https:\/\/www.pirotecniadasbeiras.pt\/portal\/#website","url":"https:\/\/www.pirotecniadasbeiras.pt\/portal\/","name":"Pirotecnia das Beiras","description":"","publisher":{"@id":"https:\/\/www.pirotecniadasbeiras.pt\/portal\/#organization"},"potentialAction":[{"@type":"SearchAction","target":{"@type":"EntryPoint","urlTemplate":"https:\/\/www.pirotecniadasbeiras.pt\/portal\/?s={search_term_string}"},"query-input":{"@type":"PropertyValueSpecification","valueRequired":true,"valueName":"search_term_string"}}],"inLanguage":"pt-PT"},{"@type":"Organization","@id":"https:\/\/www.pirotecniadasbeiras.pt\/portal\/#organization","name":"Pirotecnia das Beiras","url":"https:\/\/www.pirotecniadasbeiras.pt\/portal\/","logo":{"@type":"ImageObject","inLanguage":"pt-PT","@id":"https:\/\/www.pirotecniadasbeiras.pt\/portal\/#\/schema\/logo\/image\/","url":"https:\/\/www.pirotecniadasbeiras.pt\/portal\/wp-content\/uploads\/2023\/03\/logo_pirotecnia-1.png","contentUrl":"https:\/\/www.pirotecniadasbeiras.pt\/portal\/wp-content\/uploads\/2023\/03\/logo_pirotecnia-1.png","width":284,"height":169,"caption":"Pirotecnia das Beiras"},"image":{"@id":"https:\/\/www.pirotecniadasbeiras.pt\/portal\/#\/schema\/logo\/image\/"},"sameAs":["https:\/\/www.facebook.com\/pirotecniadasbeiras.pt"]}]}},"_links":{"self":[{"href":"https:\/\/www.pirotecniadasbeiras.pt\/portal\/wp-json\/wp\/v2\/pages\/30","targetHints":{"allow":["GET"]}}],"collection":[{"href":"https:\/\/www.pirotecniadasbeiras.pt\/portal\/wp-json\/wp\/v2\/pages"}],"about":[{"href":"https:\/\/www.pirotecniadasbeiras.pt\/portal\/wp-json\/wp\/v2\/types\/page"}],"author":[{"embeddable":true,"href":"https:\/\/www.pirotecniadasbeiras.pt\/portal\/wp-json\/wp\/v2\/users\/1"}],"replies":[{"embeddable":true,"href":"https:\/\/www.pirotecniadasbeiras.pt\/portal\/wp-json\/wp\/v2\/comments?post=30"}],"version-history":[{"count":8,"href":"https:\/\/www.pirotecniadasbeiras.pt\/portal\/wp-json\/wp\/v2\/pages\/30\/revisions"}],"predecessor-version":[{"id":1011,"href":"https:\/\/www.pirotecniadasbeiras.pt\/portal\/wp-json\/wp\/v2\/pages\/30\/revisions\/1011"}],"wp:attachment":[{"href":"https:\/\/www.pirotecniadasbeiras.pt\/portal\/wp-json\/wp\/v2\/media?parent=30"}],"curies":[{"name":"wp","href":"https:\/\/api.w.org\/{rel}","templated":true}]}}