{"id":33,"date":"2023-03-21T13:59:55","date_gmt":"2023-03-21T13:59:55","guid":{"rendered":"https:\/\/www.pirotecniadasbeiras.pt\/portal01\/index.php\/pagina-modelo-01\/"},"modified":"2023-05-31T13:51:28","modified_gmt":"2023-05-31T13:51:28","slug":"pagina-modelo-01","status":"publish","type":"page","link":"https:\/\/www.pirotecniadasbeiras.pt\/portal\/pagina-modelo-01\/","title":{"rendered":"Evolu\u00e7\u00e3o Hist\u00f3rica"},"content":{"rendered":"\n    \n    <section class=\"u-clearfix u-section-2\" id=\"carousel_2d7d\">\n      <div class=\"u-clearfix u-sheet u-sheet-1\">\n        <div class=\"u-container-style u-expanded-width u-group u-opacity u-opacity-90 u-palette-3-light-3 u-radius-20 u-shape-round u-group-1\">\n          <div class=\"u-container-layout u-valign-top u-container-layout-1\">\n            <h3 class=\"u-text u-text-palette-3-base u-text-1\">EVOLU\u00c7\u00c3O HIST\u00d3RICA<\/h3>\n            <p class=\"u-text u-text-2\">O fabrico de artigos pirot\u00e9cnicos pela fam\u00edlia Fernandes data do princ\u00edpio do S\u00e9culo XX, 1906.<br>Ant\u00f3nio Francisco Leonor produzia foguetes utilizados na maior parte das festas e romarias populares da zona e pelo seu labor foi condecorado com a medalha de ouro pelos Bombeiros Volunt\u00e1rios da Guarda em 1926.<br>\n              <br>Seguindo os passos do av\u00f4, Ant\u00f3nio Francisco Fernandes alargou a produ\u00e7\u00e3o e fundou a firma Maria de Jesus Nunes &amp; Filhos, Lda., que ainda hoje constitui o n\u00facleo da f\u00e1brica que foi sendo desenvolvida pelos seus descendentes, evidenciando-se a dedica\u00e7\u00e3o e empenho de Carlos Alberto Nunes Fernandes.<br>\n              <br>Em 2001 a firma Maria de Jesus Nunes &amp; Filhos d\u00e1 origem \u00e0 Pirotecnia das Beiras \u2013 Fogos de Artif\u00edcio, Lda.<br>\n              <br>No ano de 2006 assinalou-se o centen\u00e1rio da Pirotecnia das Beiras, evidenciando-se uma data relevante na vida da empresa, caraterizada por ser um momento de introspec\u00e7\u00e3o, de redefini\u00e7\u00e3o de estrat\u00e9gias e de renova\u00e7\u00e3o da capacidade de inova\u00e7\u00e3o e na procura de solu\u00e7\u00f5es para um consumidor cada vez mais informado e exigente. O momento exigia flexibilidade, efic\u00e1cia e efici\u00eancia na venda e lan\u00e7amento de produtos pirot\u00e9cnicos e acima de tudo a ado\u00e7\u00e3o de uma r\u00edgida pol\u00edtica de seguran\u00e7a em todos os aspetos relacionados. Neste sentido, a Pirotecnia das Beiras provou mais uma vez que sempre esteve ciente da realidade e que sempre se adaptou e correspondeu aos desafios que a sua atividade lhe apresentava. E \u00e9 focalizada nestas ideias base que a empresa tem vindo a trabalhar ao longo dos anos at\u00e9 ao presente.<br>\n              <br>Carlos Alberto Nunes Fernandes tem-se revelado um grande apaixonado pela pirotecnia e um entendido na arte pirot\u00e9cnica, dedicando a esta a maior parte do seu tempo. A paix\u00e3o e interesse s\u00e3o tamb\u00e9m partilhados pela sua filha, Ana Margarida Fernandes, que desde cedo dedicou parte do seu tempo a esta atividade e que desde que assumiu o cargo de Respons\u00e1vel T\u00e9cnica em janeiro de 2010 tem-se dedicado ao desenvolvimento e crescimento da empresa. O esfor\u00e7o de melhorar e ampliar as instala\u00e7\u00f5es da f\u00e1brica e a crescente preocupa\u00e7\u00e3o na renova\u00e7\u00e3o, qualidade, seguran\u00e7a e diversifica\u00e7\u00e3o da produ\u00e7\u00e3o s\u00e3o evidentes no desempenho de pai e filha.<br>\n              <br>O objectivo principal da Pirotecnia das Beiras \u00e9 satisfazer as necessidades dos seus clientes, tornando gratificante a atividade realizada. Como recompensa de todo este trabalho, tem sido contratada para abrilhantar grandes festas populares nacionais com os seus produtos e a n\u00edvel internacional, pela exporta\u00e7\u00e3o para Espanha.<br>\n              <br>A Pirotecnia das Beiras re\u00fane uma vasta experi\u00eancia, n\u00e3o s\u00f3 na conce\u00e7\u00e3o de espet\u00e1culos mas tamb\u00e9m um Know-How no que confere \u00e0 produ\u00e7\u00e3o de artigos pirot\u00e9cnicos, que se tornam exclusivos para cada espet\u00e1culo. Por isso, cada espet\u00e1culo \u00e9 \u00fanico, no qual se reflete o desempenho de toda a equipa na cria\u00e7\u00e3o de quadros cheios de criatividade, numa simbiose de imagem, cor, luz e som adequados.\n            <\/p>\n            <img decoding=\"async\" class=\"u-image u-image-contain u-image-default u-image-1\" src=\"https:\/\/www.pirotecniadasbeiras.pt\/portal\/wp-content\/uploads\/2023\/03\/bisavo_avo_pai.jpg\" alt=\"\" data-image-width=\"1275\" data-image-height=\"1753\">\n            <img decoding=\"async\" class=\"u-image u-image-default u-image-2\" src=\"https:\/\/www.pirotecniadasbeiras.pt\/portal\/wp-content\/uploads\/2023\/03\/logo_antigo.jpg\" alt=\"\" data-image-width=\"1275\" data-image-height=\"1753\">\n            <img decoding=\"async\" class=\"u-image u-image-default u-image-3\" src=\"https:\/\/www.pirotecniadasbeiras.pt\/portal\/wp-content\/uploads\/2023\/03\/setembro_2007-005.jpg\" alt=\"\" data-image-width=\"1024\" data-image-height=\"768\">\n          <\/div>\n        <\/div>\n      <\/div>\n    <\/section>\n    \n    \n  \n","protected":false},"excerpt":{"rendered":"<p>EVOLU\u00c7\u00c3O HIST\u00d3RICA O fabrico de artigos pirot\u00e9cnicos pela fam\u00edlia Fernandes data do princ\u00edpio do S\u00e9culo XX, 1906.Ant\u00f3nio Francisco Leonor produzia foguetes utilizados na maior parte das festas e romarias populares da zona e pelo seu labor foi condecorado com a medalha de ouro pelos Bombeiros Volunt\u00e1rios da Guarda em 1926. Seguindo os passos do av\u00f4, &hellip; <a href=\"https:\/\/www.pirotecniadasbeiras.pt\/portal\/pagina-modelo-01\/\" class=\"more-link\">Continue reading<span class=\"screen-reader-text\"> &#8220;Evolu\u00e7\u00e3o Hist\u00f3rica&#8221;<\/span><\/a><\/p>\n","protected":false},"author":1,"featured_media":0,"parent":0,"menu_order":6,"comment_status":"closed","ping_status":"closed","template":"","meta":{"footnotes":""},"class_list":["post-33","page","type-page","status-publish","hentry"],"yoast_head":"<!-- This site is optimized with the Yoast SEO plugin v27.4 - https:\/\/yoast.com\/product\/yoast-seo-wordpress\/ -->\n<title>Evolu\u00e7\u00e3o Hist\u00f3rica - Pirotecnia das Beiras<\/title>\n<meta name=\"robots\" content=\"index, follow, max-snippet:-1, max-image-preview:large, max-video-preview:-1\" \/>\n<link rel=\"canonical\" href=\"https:\/\/www.pirotecniadasbeiras.pt\/portal\/pagina-modelo-01\/\" \/>\n<meta property=\"og:locale\" content=\"pt_PT\" \/>\n<meta property=\"og:type\" content=\"article\" \/>\n<meta property=\"og:title\" content=\"Evolu\u00e7\u00e3o Hist\u00f3rica - Pirotecnia das Beiras\" \/>\n<meta property=\"og:description\" content=\"EVOLU\u00c7\u00c3O HIST\u00d3RICA O fabrico de artigos pirot\u00e9cnicos pela fam\u00edlia Fernandes data do princ\u00edpio do S\u00e9culo XX, 1906.Ant\u00f3nio Francisco Leonor produzia foguetes utilizados na maior parte das festas e romarias populares da zona e pelo seu labor foi condecorado com a medalha de ouro pelos Bombeiros Volunt\u00e1rios da Guarda em 1926. Seguindo os passos do av\u00f4, &hellip; Continue reading &quot;Evolu\u00e7\u00e3o Hist\u00f3rica&quot;\" \/>\n<meta property=\"og:url\" content=\"https:\/\/www.pirotecniadasbeiras.pt\/portal\/pagina-modelo-01\/\" \/>\n<meta property=\"og:site_name\" content=\"Pirotecnia das Beiras\" \/>\n<meta property=\"article:publisher\" content=\"https:\/\/www.facebook.com\/pirotecniadasbeiras.pt\" \/>\n<meta property=\"article:modified_time\" content=\"2023-05-31T13:51:28+00:00\" \/>\n<meta name=\"twitter:card\" content=\"summary_large_image\" \/>\n<meta name=\"twitter:label1\" content=\"Tempo estimado de leitura\" \/>\n\t<meta name=\"twitter:data1\" content=\"1 minuto\" \/>\n<script type=\"application\/ld+json\" class=\"yoast-schema-graph\">{\"@context\":\"https:\\\/\\\/schema.org\",\"@graph\":[{\"@type\":\"WebPage\",\"@id\":\"https:\\\/\\\/www.pirotecniadasbeiras.pt\\\/portal\\\/pagina-modelo-01\\\/\",\"url\":\"https:\\\/\\\/www.pirotecniadasbeiras.pt\\\/portal\\\/pagina-modelo-01\\\/\",\"name\":\"Evolu\u00e7\u00e3o Hist\u00f3rica - Pirotecnia das Beiras\",\"isPartOf\":{\"@id\":\"https:\\\/\\\/www.pirotecniadasbeiras.pt\\\/portal\\\/#website\"},\"datePublished\":\"2023-03-21T13:59:55+00:00\",\"dateModified\":\"2023-05-31T13:51:28+00:00\",\"breadcrumb\":{\"@id\":\"https:\\\/\\\/www.pirotecniadasbeiras.pt\\\/portal\\\/pagina-modelo-01\\\/#breadcrumb\"},\"inLanguage\":\"pt-PT\",\"potentialAction\":[{\"@type\":\"ReadAction\",\"target\":[\"https:\\\/\\\/www.pirotecniadasbeiras.pt\\\/portal\\\/pagina-modelo-01\\\/\"]}]},{\"@type\":\"BreadcrumbList\",\"@id\":\"https:\\\/\\\/www.pirotecniadasbeiras.pt\\\/portal\\\/pagina-modelo-01\\\/#breadcrumb\",\"itemListElement\":[{\"@type\":\"ListItem\",\"position\":1,\"name\":\"In\u00edcio\",\"item\":\"https:\\\/\\\/www.pirotecniadasbeiras.pt\\\/portal\\\/\"},{\"@type\":\"ListItem\",\"position\":2,\"name\":\"Evolu\u00e7\u00e3o Hist\u00f3rica\"}]},{\"@type\":\"WebSite\",\"@id\":\"https:\\\/\\\/www.pirotecniadasbeiras.pt\\\/portal\\\/#website\",\"url\":\"https:\\\/\\\/www.pirotecniadasbeiras.pt\\\/portal\\\/\",\"name\":\"Pirotecnia das Beiras\",\"description\":\"\",\"publisher\":{\"@id\":\"https:\\\/\\\/www.pirotecniadasbeiras.pt\\\/portal\\\/#organization\"},\"potentialAction\":[{\"@type\":\"SearchAction\",\"target\":{\"@type\":\"EntryPoint\",\"urlTemplate\":\"https:\\\/\\\/www.pirotecniadasbeiras.pt\\\/portal\\\/?s={search_term_string}\"},\"query-input\":{\"@type\":\"PropertyValueSpecification\",\"valueRequired\":true,\"valueName\":\"search_term_string\"}}],\"inLanguage\":\"pt-PT\"},{\"@type\":\"Organization\",\"@id\":\"https:\\\/\\\/www.pirotecniadasbeiras.pt\\\/portal\\\/#organization\",\"name\":\"Pirotecnia das Beiras\",\"url\":\"https:\\\/\\\/www.pirotecniadasbeiras.pt\\\/portal\\\/\",\"logo\":{\"@type\":\"ImageObject\",\"inLanguage\":\"pt-PT\",\"@id\":\"https:\\\/\\\/www.pirotecniadasbeiras.pt\\\/portal\\\/#\\\/schema\\\/logo\\\/image\\\/\",\"url\":\"https:\\\/\\\/www.pirotecniadasbeiras.pt\\\/portal\\\/wp-content\\\/uploads\\\/2023\\\/03\\\/logo_pirotecnia-1.png\",\"contentUrl\":\"https:\\\/\\\/www.pirotecniadasbeiras.pt\\\/portal\\\/wp-content\\\/uploads\\\/2023\\\/03\\\/logo_pirotecnia-1.png\",\"width\":284,\"height\":169,\"caption\":\"Pirotecnia das Beiras\"},\"image\":{\"@id\":\"https:\\\/\\\/www.pirotecniadasbeiras.pt\\\/portal\\\/#\\\/schema\\\/logo\\\/image\\\/\"},\"sameAs\":[\"https:\\\/\\\/www.facebook.com\\\/pirotecniadasbeiras.pt\"]}]}<\/script>\n<!-- \/ Yoast SEO plugin. -->","yoast_head_json":{"title":"Evolu\u00e7\u00e3o Hist\u00f3rica - Pirotecnia das Beiras","robots":{"index":"index","follow":"follow","max-snippet":"max-snippet:-1","max-image-preview":"max-image-preview:large","max-video-preview":"max-video-preview:-1"},"canonical":"https:\/\/www.pirotecniadasbeiras.pt\/portal\/pagina-modelo-01\/","og_locale":"pt_PT","og_type":"article","og_title":"Evolu\u00e7\u00e3o Hist\u00f3rica - Pirotecnia das Beiras","og_description":"EVOLU\u00c7\u00c3O HIST\u00d3RICA O fabrico de artigos pirot\u00e9cnicos pela fam\u00edlia Fernandes data do princ\u00edpio do S\u00e9culo XX, 1906.Ant\u00f3nio Francisco Leonor produzia foguetes utilizados na maior parte das festas e romarias populares da zona e pelo seu labor foi condecorado com a medalha de ouro pelos Bombeiros Volunt\u00e1rios da Guarda em 1926. Seguindo os passos do av\u00f4, &hellip; Continue reading \"Evolu\u00e7\u00e3o Hist\u00f3rica\"","og_url":"https:\/\/www.pirotecniadasbeiras.pt\/portal\/pagina-modelo-01\/","og_site_name":"Pirotecnia das Beiras","article_publisher":"https:\/\/www.facebook.com\/pirotecniadasbeiras.pt","article_modified_time":"2023-05-31T13:51:28+00:00","twitter_card":"summary_large_image","twitter_misc":{"Tempo estimado de leitura":"1 minuto"},"schema":{"@context":"https:\/\/schema.org","@graph":[{"@type":"WebPage","@id":"https:\/\/www.pirotecniadasbeiras.pt\/portal\/pagina-modelo-01\/","url":"https:\/\/www.pirotecniadasbeiras.pt\/portal\/pagina-modelo-01\/","name":"Evolu\u00e7\u00e3o Hist\u00f3rica - Pirotecnia das Beiras","isPartOf":{"@id":"https:\/\/www.pirotecniadasbeiras.pt\/portal\/#website"},"datePublished":"2023-03-21T13:59:55+00:00","dateModified":"2023-05-31T13:51:28+00:00","breadcrumb":{"@id":"https:\/\/www.pirotecniadasbeiras.pt\/portal\/pagina-modelo-01\/#breadcrumb"},"inLanguage":"pt-PT","potentialAction":[{"@type":"ReadAction","target":["https:\/\/www.pirotecniadasbeiras.pt\/portal\/pagina-modelo-01\/"]}]},{"@type":"BreadcrumbList","@id":"https:\/\/www.pirotecniadasbeiras.pt\/portal\/pagina-modelo-01\/#breadcrumb","itemListElement":[{"@type":"ListItem","position":1,"name":"In\u00edcio","item":"https:\/\/www.pirotecniadasbeiras.pt\/portal\/"},{"@type":"ListItem","position":2,"name":"Evolu\u00e7\u00e3o Hist\u00f3rica"}]},{"@type":"WebSite","@id":"https:\/\/www.pirotecniadasbeiras.pt\/portal\/#website","url":"https:\/\/www.pirotecniadasbeiras.pt\/portal\/","name":"Pirotecnia das Beiras","description":"","publisher":{"@id":"https:\/\/www.pirotecniadasbeiras.pt\/portal\/#organization"},"potentialAction":[{"@type":"SearchAction","target":{"@type":"EntryPoint","urlTemplate":"https:\/\/www.pirotecniadasbeiras.pt\/portal\/?s={search_term_string}"},"query-input":{"@type":"PropertyValueSpecification","valueRequired":true,"valueName":"search_term_string"}}],"inLanguage":"pt-PT"},{"@type":"Organization","@id":"https:\/\/www.pirotecniadasbeiras.pt\/portal\/#organization","name":"Pirotecnia das Beiras","url":"https:\/\/www.pirotecniadasbeiras.pt\/portal\/","logo":{"@type":"ImageObject","inLanguage":"pt-PT","@id":"https:\/\/www.pirotecniadasbeiras.pt\/portal\/#\/schema\/logo\/image\/","url":"https:\/\/www.pirotecniadasbeiras.pt\/portal\/wp-content\/uploads\/2023\/03\/logo_pirotecnia-1.png","contentUrl":"https:\/\/www.pirotecniadasbeiras.pt\/portal\/wp-content\/uploads\/2023\/03\/logo_pirotecnia-1.png","width":284,"height":169,"caption":"Pirotecnia das Beiras"},"image":{"@id":"https:\/\/www.pirotecniadasbeiras.pt\/portal\/#\/schema\/logo\/image\/"},"sameAs":["https:\/\/www.facebook.com\/pirotecniadasbeiras.pt"]}]}},"_links":{"self":[{"href":"https:\/\/www.pirotecniadasbeiras.pt\/portal\/wp-json\/wp\/v2\/pages\/33","targetHints":{"allow":["GET"]}}],"collection":[{"href":"https:\/\/www.pirotecniadasbeiras.pt\/portal\/wp-json\/wp\/v2\/pages"}],"about":[{"href":"https:\/\/www.pirotecniadasbeiras.pt\/portal\/wp-json\/wp\/v2\/types\/page"}],"author":[{"embeddable":true,"href":"https:\/\/www.pirotecniadasbeiras.pt\/portal\/wp-json\/wp\/v2\/users\/1"}],"replies":[{"embeddable":true,"href":"https:\/\/www.pirotecniadasbeiras.pt\/portal\/wp-json\/wp\/v2\/comments?post=33"}],"version-history":[{"count":8,"href":"https:\/\/www.pirotecniadasbeiras.pt\/portal\/wp-json\/wp\/v2\/pages\/33\/revisions"}],"predecessor-version":[{"id":907,"href":"https:\/\/www.pirotecniadasbeiras.pt\/portal\/wp-json\/wp\/v2\/pages\/33\/revisions\/907"}],"wp:attachment":[{"href":"https:\/\/www.pirotecniadasbeiras.pt\/portal\/wp-json\/wp\/v2\/media?parent=33"}],"curies":[{"name":"wp","href":"https:\/\/api.w.org\/{rel}","templated":true}]}}